{"id":86,"date":"2022-09-06T17:35:29","date_gmt":"2022-09-06T17:35:29","guid":{"rendered":"https:\/\/themegenix.net\/wp\/suxnix\/?post_type=product&#038;p=86"},"modified":"2025-12-02T12:55:12","modified_gmt":"2025-12-02T12:55:12","slug":"green-powder-200g","status":"publish","type":"product","link":"https:\/\/land-of-africa.com\/en\/product\/green-powder-200g\/","title":{"rendered":"Green Powder 200g"},"content":{"rendered":"<div class=\"product-desc-content\">\n<h2><span class=\"s2\">Description<\/span><\/h2>\n<p>Green powder is a blend of baobab, moringa and spirulina, ideal for strengthening and regenerating your body. This mixture is naturally rich in vitamin B (B1, B2, B3, B6) C, proteins, iron, magnesium, manganese, calcium, phosphorus and beta carotene.<\/p>\n<p>Un super aliment \u00e0 d\u00e9guster tout au long de la journ\u00e9e pour\u00a0faire le plein de nutriments\u00a0essentiels,\u00a0combler les d\u00e9ficiences de l\u2019organisme\u00a0et ainsi conserver une bonne immunit\u00e9<\/p>\n<h2><span class=\"s2\">Le Baobab<\/span><\/h2>\n<p><span class=\"s2\">Le Baobab<\/span> africain (Adansonia digitata) est un arbre caduc couramment rencontr\u00e9 aux Comores, \u00e0 Madagascar et en Afrique tropicale o\u00f9 il est d\u2019ailleurs l\u2019embl\u00e8me du S\u00e9n\u00e9gal. Il est \u00e9galement appel\u00e9 arbre de vie ou arbre \u00e0 palabres parmi bien d\u2019autres nombreux noms couramment utilis\u00e9s pour le qualifier.<\/p>\n<p>La poudre de baobab est une excellente source de vitamine C, une bonne source de vitamines B1 et B6, de magn\u00e9sium, de mangan\u00e8se, et a une haute teneur en potassium. Elle est \u00e9galement tr\u00e8s riche en fibres alimentaires (compos\u00e9e \u00e0 pr\u00e8s de 50 % de fibres\u00a0!) et est riche en antioxydants<\/p>\n<h2><span class=\"s2\">Le Moringa<\/span><\/h2>\n<p><span class=\"s2\">Le <\/span><span class=\"s2\">moringa<\/span>, appel\u00e9 aussi Moringa oleifera en latin, est un arbre de la famille des Moringaceae originaire d\u2019Inde et du Sri Lanka. Poussant facilement et rapidement dans les zones tropicales, le moringa peut se retrouver aujourd\u2019hui sur plusieurs continents (Am\u00e9rique du Sud, Afrique) poss\u00e9dant ce type de climat.<\/p>\n<p>L\u2019utilisation de la plante Moringa oleifera remonte \u00e0 2000 ans avant JC, au Nord de l\u2019Inde o\u00f9 elle fut d\u2019abord d\u00e9crite comme une herbe m\u00e9dicinale. Selon la m\u00e9decine Ayurv\u00e9dique, la plante de Moringa peut emp\u00eacher jusqu\u2019\u00e0 300 diff\u00e9rentes maladies.<\/p>\n<p>Les feuilles de Moringa sont riches en vitamines A, C, E et B. Une forte teneur en calcium et en potassium est \u00e0 noter ainsi qu\u2019en magn\u00e9sium, mangan\u00e8se, s\u00e9l\u00e9nium, fer. Elles contiennent \u00e9galement des bons acides gras et les 8 acides amin\u00e9s dits essentiels (isoleucine, leucine, lysine, m\u00e9thionine, ph\u00e9nylalanine, thr\u00e9onine, tryptophane, valine).<\/p>\n<h2><span class=\"s2\">La spiruline<\/span><\/h2>\n<p><span class=\"s2\">La spiruline<\/span> \u00a0est une micro-algue d\u2019eau douce qui fait partie de la famille des cyanobact\u00e9ries ou algues bleu-vert. Son nom latin est Arthrospira platensis. La spiruline est un micro-organisme qui existe depuis 3,5 milliards d\u2019ann\u00e9es sur la Terre. Elle pousse de fa\u00e7on naturelle dans les eaux chaudes des lacs en Inde, au Tchad et au Mexique.<\/p>\n<p>Avec 390 calories aux 100 g (soit 19 % de l\u2019\u00e9nergie), la spiruline est un concentr\u00e9 de nutriments. Elle renferme 60 % de prot\u00e9ines, 10 % de graisses et 7 % de glucides et continent pratiquement de tout, \u00e0 l\u2019exception de la vitamine C et des om\u00e9ga 3. La spiruline contient de la vitamine A, B1, B2, B3, B6, B12, de la vitamine E du fer, du magn\u00e9sium, du mangan\u00e8se du phosphore et enfin du potassium \u00a0pour le bon fonctionnement des muscles et des nerfs, mais aussi pour le maintien d\u2019une pression sanguine normale.<\/p>\n<h2><span class=\"s3\">Qualit\u00e9 <\/span><\/h2>\n<p>100% naturel \u2013 Source de calcium, de fer et de vitamines B \u2013 Sans pesticides V\u00e9g\u00e9tal \u2013 Sans gluten \u2013 Sans lactose \u2013 Sans soja<\/p>\n<h2><span class=\"s3\">Composition<\/span><\/h2>\n<p>Ingr\u00e9dients 100% poudre biologique de baobab, de moringa et de spiruline.<\/p>\n<p><span class=\"s2\">Conseils d\u2019utilisation <\/span>: prendre une cuill\u00e8re mesure de 10g par Jour dans un verre d\u2019eau, un smoothie, un yaourt, un jus de fruit, une limonade, un th\u00e9 glac\u00e9, un porridge, des barres de c\u00e9r\u00e9ales ou des p\u00e2tisseries.<\/p>\n<h2>Valeur Nutritive\/ Nutrition Facts pour 100g<\/h2>\n<table class=\"loatable\" border=\"1\" cellpadding=\"10\">\n<tbody>\n<tr style=\"height: 23px;\">\n<td style=\"height: 23px;\">\u00a0\u00c9nergie\/ Energy<\/td>\n<td style=\"height: 23px;\">\u00a0893,4Kj\/213,7kcal<\/td>\n<\/tr>\n<tr style=\"height: 23px;\">\n<td style=\"height: 23px;\">\u00a0Mati\u00e8re grasse\/Fat<\/p>\n<p>Dont acides gras satur\u00e9s\/of which saturates<\/p>\n<p>Dont acides gras insatur\u00e9s\/of which unsaturated fatty acids<\/p>\n<p>Dont acides gras polyinsatur\u00e9s\/of which polyunsaturated fattyacids<\/td>\n<td style=\"height: 23px;\">0,9g<\/p>\n<p>0,2g<\/p>\n<p>0,1g<\/p>\n<p>0,1g<\/td>\n<\/tr>\n<tr style=\"height: 23px;\">\n<td style=\"height: 23px;\">Glucides\/ Carbohydrates<\/p>\n<p>Dont sucres\/which sugar<\/td>\n<td style=\"height: 23px;\">24,5g<\/p>\n<p>16,4g<\/td>\n<\/tr>\n<tr style=\"height: 23px;\">\n<td style=\"height: 23px;\">Fibres<\/td>\n<td style=\"height: 23px;\">50,3g<\/td>\n<\/tr>\n<tr style=\"height: 23px;\">\n<td style=\"height: 23px;\">Prot\u00e9ines\/ Proteins<\/td>\n<td style=\"height: 23px;\">6,8g<\/td>\n<\/tr>\n<tr style=\"height: 23px;\">\n<td style=\"height: 23px;\">Sel\/ Salt<\/td>\n<td style=\"height: 23px;\">0,01g<\/td>\n<\/tr>\n<tr style=\"height: 23px;\">\n<td style=\"height: 23px;\">Potassium<\/td>\n<td style=\"height: 23px;\">1,12g<\/td>\n<\/tr>\n<tr style=\"height: 23px;\">\n<td style=\"height: 23px;\">Calcium<\/td>\n<td style=\"height: 23px;\">0,32g<\/td>\n<\/tr>\n<tr style=\"height: 23px;\">\n<td style=\"height: 23px;\">Magnesium<\/td>\n<td style=\"height: 23px;\">0,15g<\/td>\n<\/tr>\n<tr style=\"height: 23px;\">\n<td style=\"height: 23px;\">Phosphore\/Phosphorus<\/td>\n<td style=\"height: 23px;\">0,045g<\/td>\n<\/tr>\n<tr style=\"height: 23.5px;\">\n<td style=\"height: 23.5px;\">Fer\/ Iron<\/td>\n<td style=\"height: 23.5px;\">0,006g<\/td>\n<\/tr>\n<tr style=\"height: 23px;\">\n<td style=\"height: 23px;\">Vitamine C\/ Vitamin C<\/td>\n<td style=\"height: 23px;\">0,209g<\/td>\n<\/tr>\n<\/tbody>\n<\/table>\n<\/div>","protected":false},"excerpt":{"rendered":"<p>Green powder is a blend of baobab, moringa and spirulina, ideal for strengthening and regenerating your body. This mixture is naturally rich in vitamin B (B1, B2, B3, B6) C, proteins, iron, magnesium, manganese, calcium, phosphorus and beta carotene.<\/p>","protected":false},"featured_media":423,"comment_status":"open","ping_status":"closed","template":"","meta":{"_acf_changed":false},"product_brand":[],"product_cat":[48],"product_tag":[46,49,50,51],"class_list":{"0":"post-86","1":"product","2":"type-product","3":"status-publish","4":"has-post-thumbnail","6":"product_cat-poudres","7":"product_tag-baobab","8":"product_tag-green-powder","9":"product_tag-moringa","10":"product_tag-spiruline","12":"first","13":"instock","14":"shipping-taxable","15":"purchasable","16":"product-type-simple"},"acf":[],"yoast_head":"<!-- This site is optimized with the Yoast SEO plugin v27.1.1 - https:\/\/yoast.com\/product\/yoast-seo-wordpress\/ -->\n<title>Green Powder 200g - Land Of Africa<\/title>\n<meta name=\"description\" content=\"Green powder : un m\u00e9lange de baobab, moringa de spiruline, id\u00e9al pour fortifier et r\u00e9g\u00e9n\u00e9rer votre corps. M\u00e9lange naturel riche en vitamines...\" \/>\n<meta name=\"robots\" content=\"index, follow, max-snippet:-1, max-image-preview:large, max-video-preview:-1\" \/>\n<link rel=\"canonical\" href=\"https:\/\/land-of-africa.com\/en\/product\/green-powder-200g\/\" \/>\n<meta property=\"og:locale\" content=\"en_US\" \/>\n<meta property=\"og:type\" content=\"article\" \/>\n<meta property=\"og:title\" content=\"Green Powder 200g - Land Of Africa\" \/>\n<meta property=\"og:description\" content=\"Green powder : un m\u00e9lange de baobab, moringa de spiruline, id\u00e9al pour fortifier et r\u00e9g\u00e9n\u00e9rer votre corps. M\u00e9lange naturel riche en vitamines...\" \/>\n<meta property=\"og:url\" content=\"https:\/\/land-of-africa.com\/en\/product\/green-powder-200g\/\" \/>\n<meta property=\"og:site_name\" content=\"Land Of Africa\" \/>\n<meta property=\"article:publisher\" content=\"https:\/\/web.facebook.com\/SenegalProjet\" \/>\n<meta property=\"article:modified_time\" content=\"2025-12-02T12:55:12+00:00\" \/>\n<meta property=\"og:image\" content=\"https:\/\/i0.wp.com\/land-of-africa.com\/wp-content\/uploads\/2022\/09\/Poudre_verte_produit1.jpg?fit=1200%2C1200&ssl=1\" \/>\n\t<meta property=\"og:image:width\" content=\"1200\" \/>\n\t<meta property=\"og:image:height\" content=\"1200\" \/>\n\t<meta property=\"og:image:type\" content=\"image\/jpeg\" \/>\n<meta name=\"twitter:card\" content=\"summary_large_image\" \/>\n<meta name=\"twitter:site\" content=\"@LandOfAfrica1\" \/>\n<meta name=\"twitter:label1\" content=\"Est. reading time\" \/>\n\t<meta name=\"twitter:data1\" content=\"4 minutes\" \/>\n<script type=\"application\/ld+json\" class=\"yoast-schema-graph\">{\"@context\":\"https:\/\/schema.org\",\"@graph\":[{\"@type\":\"WebPage\",\"@id\":\"https:\/\/land-of-africa.com\/en\/product\/green-powder-200g\/\",\"url\":\"https:\/\/land-of-africa.com\/en\/product\/green-powder-200g\/\",\"name\":\"Green Powder 200g - Land Of Africa\",\"isPartOf\":{\"@id\":\"https:\/\/land-of-africa.com\/#website\"},\"primaryImageOfPage\":{\"@id\":\"https:\/\/land-of-africa.com\/en\/product\/green-powder-200g\/#primaryimage\"},\"image\":{\"@id\":\"https:\/\/land-of-africa.com\/en\/product\/green-powder-200g\/#primaryimage\"},\"thumbnailUrl\":\"https:\/\/i0.wp.com\/land-of-africa.com\/wp-content\/uploads\/2022\/09\/Poudre_verte_produit1.jpg?fit=1200%2C1200&ssl=1\",\"datePublished\":\"2022-09-06T17:35:29+00:00\",\"dateModified\":\"2025-12-02T12:55:12+00:00\",\"description\":\"Green powder : un m\u00e9lange de baobab, moringa de spiruline, id\u00e9al pour fortifier et r\u00e9g\u00e9n\u00e9rer votre corps. M\u00e9lange naturel riche en vitamines...\",\"breadcrumb\":{\"@id\":\"https:\/\/land-of-africa.com\/en\/product\/green-powder-200g\/#breadcrumb\"},\"inLanguage\":\"en-US\",\"potentialAction\":[{\"@type\":\"ReadAction\",\"target\":[\"https:\/\/land-of-africa.com\/en\/product\/green-powder-200g\/\"]}]},{\"@type\":\"ImageObject\",\"inLanguage\":\"en-US\",\"@id\":\"https:\/\/land-of-africa.com\/en\/product\/green-powder-200g\/#primaryimage\",\"url\":\"https:\/\/i0.wp.com\/land-of-africa.com\/wp-content\/uploads\/2022\/09\/Poudre_verte_produit1.jpg?fit=1200%2C1200&ssl=1\",\"contentUrl\":\"https:\/\/i0.wp.com\/land-of-africa.com\/wp-content\/uploads\/2022\/09\/Poudre_verte_produit1.jpg?fit=1200%2C1200&ssl=1\",\"width\":1200,\"height\":1200,\"caption\":\"Acheter Poudre de Baobab (bouye), Poudre moringa (n\u00e9b\u00e9daay), poudre de spiruline naturel bio dakar s\u00e9n\u00e9gal\"},{\"@type\":\"BreadcrumbList\",\"@id\":\"https:\/\/land-of-africa.com\/en\/product\/green-powder-200g\/#breadcrumb\",\"itemListElement\":[{\"@type\":\"ListItem\",\"position\":1,\"name\":\"Accueil\",\"item\":\"https:\/\/land-of-africa.com\/\"},{\"@type\":\"ListItem\",\"position\":2,\"name\":\"Boutique\",\"item\":\"https:\/\/land-of-africa.com\/en\/boutique\/\"},{\"@type\":\"ListItem\",\"position\":3,\"name\":\"Green Powder 200g\"}]},{\"@type\":\"WebSite\",\"@id\":\"https:\/\/land-of-africa.com\/#website\",\"url\":\"https:\/\/land-of-africa.com\/\",\"name\":\"Land Of Africa\",\"description\":\"Revaloriser les produits agricoles et forestiers\",\"publisher\":{\"@id\":\"https:\/\/land-of-africa.com\/#organization\"},\"potentialAction\":[{\"@type\":\"SearchAction\",\"target\":{\"@type\":\"EntryPoint\",\"urlTemplate\":\"https:\/\/land-of-africa.com\/?s={search_term_string}\"},\"query-input\":{\"@type\":\"PropertyValueSpecification\",\"valueRequired\":true,\"valueName\":\"search_term_string\"}}],\"inLanguage\":\"en-US\"},{\"@type\":\"Organization\",\"@id\":\"https:\/\/land-of-africa.com\/#organization\",\"name\":\"Land Of Africa\",\"url\":\"https:\/\/land-of-africa.com\/\",\"logo\":{\"@type\":\"ImageObject\",\"inLanguage\":\"en-US\",\"@id\":\"https:\/\/land-of-africa.com\/#\/schema\/logo\/image\/\",\"url\":\"https:\/\/land-of-africa.com\/wp-content\/uploads\/2023\/03\/logo_wide-e1678042841820.jpg\",\"contentUrl\":\"https:\/\/land-of-africa.com\/wp-content\/uploads\/2023\/03\/logo_wide-e1678042841820.jpg\",\"width\":549,\"height\":549,\"caption\":\"Land Of Africa\"},\"image\":{\"@id\":\"https:\/\/land-of-africa.com\/#\/schema\/logo\/image\/\"},\"sameAs\":[\"https:\/\/web.facebook.com\/SenegalProjet\",\"https:\/\/x.com\/LandOfAfrica1\",\"https:\/\/www.instagram.com\/land_of_africa_sn\"]}]}<\/script>\n<!-- \/ Yoast SEO plugin. -->","yoast_head_json":{"title":"Green Powder 200g - Land Of Africa","description":"Green powder : un m\u00e9lange de baobab, moringa de spiruline, id\u00e9al pour fortifier et r\u00e9g\u00e9n\u00e9rer votre corps. M\u00e9lange naturel riche en vitamines...","robots":{"index":"index","follow":"follow","max-snippet":"max-snippet:-1","max-image-preview":"max-image-preview:large","max-video-preview":"max-video-preview:-1"},"canonical":"https:\/\/land-of-africa.com\/en\/product\/green-powder-200g\/","og_locale":"en_US","og_type":"article","og_title":"Green Powder 200g - Land Of Africa","og_description":"Green powder : un m\u00e9lange de baobab, moringa de spiruline, id\u00e9al pour fortifier et r\u00e9g\u00e9n\u00e9rer votre corps. M\u00e9lange naturel riche en vitamines...","og_url":"https:\/\/land-of-africa.com\/en\/product\/green-powder-200g\/","og_site_name":"Land Of Africa","article_publisher":"https:\/\/web.facebook.com\/SenegalProjet","article_modified_time":"2025-12-02T12:55:12+00:00","og_image":[{"width":1200,"height":1200,"url":"https:\/\/i0.wp.com\/land-of-africa.com\/wp-content\/uploads\/2022\/09\/Poudre_verte_produit1.jpg?fit=1200%2C1200&ssl=1","type":"image\/jpeg"}],"twitter_card":"summary_large_image","twitter_site":"@LandOfAfrica1","twitter_misc":{"Est. reading time":"4 minutes"},"schema":{"@context":"https:\/\/schema.org","@graph":[{"@type":"WebPage","@id":"https:\/\/land-of-africa.com\/en\/product\/green-powder-200g\/","url":"https:\/\/land-of-africa.com\/en\/product\/green-powder-200g\/","name":"Green Powder 200g - Land Of Africa","isPartOf":{"@id":"https:\/\/land-of-africa.com\/#website"},"primaryImageOfPage":{"@id":"https:\/\/land-of-africa.com\/en\/product\/green-powder-200g\/#primaryimage"},"image":{"@id":"https:\/\/land-of-africa.com\/en\/product\/green-powder-200g\/#primaryimage"},"thumbnailUrl":"https:\/\/i0.wp.com\/land-of-africa.com\/wp-content\/uploads\/2022\/09\/Poudre_verte_produit1.jpg?fit=1200%2C1200&ssl=1","datePublished":"2022-09-06T17:35:29+00:00","dateModified":"2025-12-02T12:55:12+00:00","description":"Green powder : un m\u00e9lange de baobab, moringa de spiruline, id\u00e9al pour fortifier et r\u00e9g\u00e9n\u00e9rer votre corps. M\u00e9lange naturel riche en vitamines...","breadcrumb":{"@id":"https:\/\/land-of-africa.com\/en\/product\/green-powder-200g\/#breadcrumb"},"inLanguage":"en-US","potentialAction":[{"@type":"ReadAction","target":["https:\/\/land-of-africa.com\/en\/product\/green-powder-200g\/"]}]},{"@type":"ImageObject","inLanguage":"en-US","@id":"https:\/\/land-of-africa.com\/en\/product\/green-powder-200g\/#primaryimage","url":"https:\/\/i0.wp.com\/land-of-africa.com\/wp-content\/uploads\/2022\/09\/Poudre_verte_produit1.jpg?fit=1200%2C1200&ssl=1","contentUrl":"https:\/\/i0.wp.com\/land-of-africa.com\/wp-content\/uploads\/2022\/09\/Poudre_verte_produit1.jpg?fit=1200%2C1200&ssl=1","width":1200,"height":1200,"caption":"Acheter Poudre de Baobab (bouye), Poudre moringa (n\u00e9b\u00e9daay), poudre de spiruline naturel bio dakar s\u00e9n\u00e9gal"},{"@type":"BreadcrumbList","@id":"https:\/\/land-of-africa.com\/en\/product\/green-powder-200g\/#breadcrumb","itemListElement":[{"@type":"ListItem","position":1,"name":"Accueil","item":"https:\/\/land-of-africa.com\/"},{"@type":"ListItem","position":2,"name":"Boutique","item":"https:\/\/land-of-africa.com\/en\/boutique\/"},{"@type":"ListItem","position":3,"name":"Green Powder 200g"}]},{"@type":"WebSite","@id":"https:\/\/land-of-africa.com\/#website","url":"https:\/\/land-of-africa.com\/","name":"Land Of Africa","description":"Revaloriser les produits agricoles et forestiers","publisher":{"@id":"https:\/\/land-of-africa.com\/#organization"},"potentialAction":[{"@type":"SearchAction","target":{"@type":"EntryPoint","urlTemplate":"https:\/\/land-of-africa.com\/?s={search_term_string}"},"query-input":{"@type":"PropertyValueSpecification","valueRequired":true,"valueName":"search_term_string"}}],"inLanguage":"en-US"},{"@type":"Organization","@id":"https:\/\/land-of-africa.com\/#organization","name":"Land Of Africa","url":"https:\/\/land-of-africa.com\/","logo":{"@type":"ImageObject","inLanguage":"en-US","@id":"https:\/\/land-of-africa.com\/#\/schema\/logo\/image\/","url":"https:\/\/land-of-africa.com\/wp-content\/uploads\/2023\/03\/logo_wide-e1678042841820.jpg","contentUrl":"https:\/\/land-of-africa.com\/wp-content\/uploads\/2023\/03\/logo_wide-e1678042841820.jpg","width":549,"height":549,"caption":"Land Of Africa"},"image":{"@id":"https:\/\/land-of-africa.com\/#\/schema\/logo\/image\/"},"sameAs":["https:\/\/web.facebook.com\/SenegalProjet","https:\/\/x.com\/LandOfAfrica1","https:\/\/www.instagram.com\/land_of_africa_sn"]}]}},"jetpack_sharing_enabled":true,"_links":{"self":[{"href":"https:\/\/land-of-africa.com\/en\/wp-json\/wp\/v2\/product\/86","targetHints":{"allow":["GET"]}}],"collection":[{"href":"https:\/\/land-of-africa.com\/en\/wp-json\/wp\/v2\/product"}],"about":[{"href":"https:\/\/land-of-africa.com\/en\/wp-json\/wp\/v2\/types\/product"}],"replies":[{"embeddable":true,"href":"https:\/\/land-of-africa.com\/en\/wp-json\/wp\/v2\/comments?post=86"}],"version-history":[{"count":2,"href":"https:\/\/land-of-africa.com\/en\/wp-json\/wp\/v2\/product\/86\/revisions"}],"predecessor-version":[{"id":1266,"href":"https:\/\/land-of-africa.com\/en\/wp-json\/wp\/v2\/product\/86\/revisions\/1266"}],"wp:featuredmedia":[{"embeddable":true,"href":"https:\/\/land-of-africa.com\/en\/wp-json\/wp\/v2\/media\/423"}],"wp:attachment":[{"href":"https:\/\/land-of-africa.com\/en\/wp-json\/wp\/v2\/media?parent=86"}],"wp:term":[{"taxonomy":"product_brand","embeddable":true,"href":"https:\/\/land-of-africa.com\/en\/wp-json\/wp\/v2\/product_brand?post=86"},{"taxonomy":"product_cat","embeddable":true,"href":"https:\/\/land-of-africa.com\/en\/wp-json\/wp\/v2\/product_cat?post=86"},{"taxonomy":"product_tag","embeddable":true,"href":"https:\/\/land-of-africa.com\/en\/wp-json\/wp\/v2\/product_tag?post=86"}],"curies":[{"name":"wp","href":"https:\/\/api.w.org\/{rel}","templated":true}]}}