{"id":79,"date":"2022-09-06T17:13:20","date_gmt":"2022-09-06T17:13:20","guid":{"rendered":"https:\/\/themegenix.net\/wp\/suxnix\/?post_type=product&#038;p=79"},"modified":"2026-01-21T19:09:19","modified_gmt":"2026-01-21T19:09:19","slug":"poudre-de-baobab-250g","status":"publish","type":"product","link":"https:\/\/land-of-africa.com\/en\/product\/poudre-de-baobab-250g\/","title":{"rendered":"Baobab Powder 250g"},"content":{"rendered":"<div class=\"product-desc-content\">\n<div class=\"product-desc-content\">\n<h2 class=\"p1\">D\u00e9scription<\/h2>\n<p class=\"p1\">The African Baobab (Adansonia digitata) is a deciduous tree commonly found in the Comoros, Madagascar and tropical Africa where it is also the emblem of Senegal. It is also called tree of life or tree of palaver among many other names commonly used to describe it.<\/p>\n<h2 class=\"p1\">Int\u00e9r\u00eat nutritionnel<\/h2>\n<p class=\"p1\">L\u2019int\u00e9r\u00eat nutritionnel de la pulpe de fruit de baobab Ethnoscience repose sur sa forte teneur en calcium, potassium, vitamine C. C\u2019est aussi un pr\u00e9-biotique de grande qualit\u00e9 gr\u00e2ce \u00e0 sa haute teneur en fibres alimentaires solubles. Elle est consid\u00e9r\u00e9e comme un fortifiant pour tous et particuli\u00e8rement conseill\u00e9e pour garder forme et vitalit\u00e9\u00a0!<\/p>\n<p class=\"p1\">Cette pulpe est traditionnellement consomm\u00e9e pour ses vertus nutritionnelles et bienfaisantes en Afrique. Elle entre dans la fabrication d\u2019une boisson nomm\u00e9e Jus de Bouye.<\/p>\n<p class=\"p1\">L\u2019int\u00e9r\u00eat nutritionnel de la pulpe de fruit de baobab repose sur sa forte teneur en calcium (2 fois plus que le lait), vitamine C (6 fois plus que l\u2019orange)et fibres alimentaires. Elle contient aussi d\u2019une mani\u00e8re significative des vitamines du groupe B (thiamine B1, riboflavine B2 ou niacine B3) et des acides amin\u00e9s. Elle contient aussi du potassium (4 fois plus que la banane) et du mangan\u00e8se, un antioxydant important. C\u2019est aussi un pr\u00e9-biotique de grande qualit\u00e9 (soutient de la flore intestinale) gr\u00e2ce \u00e0 sa haute teneur en fibres solubles.<\/p>\n<h2 class=\"p1\">Un fortifiant naturel<\/h2>\n<p class=\"p1\">La poudre de pulpe de baobab est consid\u00e9r\u00e9e comme un fortifiant pour tous\u00a0: enfants, personnes \u00e2g\u00e9es, sportifs, et elle est particuli\u00e8rement conseill\u00e9e pour garder forme et vitalit\u00e9.<\/p>\n<h2 class=\"p1\">Conseils d&rsquo;utilisation<\/h2>\n<p class=\"p1\">Prendre une cuill\u00e8re mesure de 10g par Jour dans un verre d\u2019eau, un smoothie, un yaourt, un jus de fruit, une limonade, un th\u00e9 glac\u00e9, un porridge, des barres de c\u00e9r\u00e9ales ou des p\u00e2tisseries.<\/p>\n<\/div>\n<h2>Valeurs nutritionnelles pour 100g\u00a0:<\/h2>\n<p>\u00c9nergie \u2026\u2026\u2026..\u00a0\u00a0 ..\u00a0 ..\u00a0 \u2026\u2026\u2026..900Kj\/200kcal<\/p>\n<p>Mati\u00e8re grasse\u2026\u2026\u2026\u2026\u2026\u2026\u2026\u2026\u2026\u20260,3g<\/p>\n<p>-dont acides gras satur\u00e9s\u2026\u2026\u2026..&lt;0,1g<\/p>\n<p>-dont acides gras insatur\u00e9s\u2026\u2026..&lt;0.1g<\/p>\n<p>Dont acides gras polyinsatur\u00e9s\u2026\u2026&lt;0,1g<\/p>\n<p>Dont acides gras trans\u2026\u2026\u2026\u2026\u2026\u2026\u2026&lt;0,1g<\/p>\n<p>Glucides \u2026\u2026\u2026\u2026\u2026\u2026\u2026\u2026\u2026\u2026\u2026.25g<\/p>\n<p>-dont sucres\u2026\u2026\u2026\u2026\u2026.17g<\/p>\n<p>Fibres\u2026\u2026\u2026\u2026\u2026\u2026\u2026\u2026\u2026\u2026\u2026.54g<\/p>\n<p>Prot\u00e9ines\u2026\u2026\u2026\u2026\u20262,8g<\/p>\n<p>Sel\u2026\u2026\u2026\u2026\u2026\u2026\u2026\u20260.01g<\/p>\n<p>Potassium\u2026\u2026\u2026\u2026\u20262285mg<\/p>\n<p>Calcium\u2026\u2026\u2026\u2026\u2026\u2026..349mg<\/p>\n<p>Magnesium\u2026\u2026\u2026\u2026..156mg<\/p>\n<p>Phosphore\u2026\u2026\u2026\u2026\u2026.44mg<\/p>\n<p>Fer\u2026\u2026\u2026\u2026\u2026\u2026\u2026\u2026\u2026\u2026..5mg<\/p>\n<p>Vitamine C \u2026\u2026\u2026\u2026\u2026\u2026\u2026\u2026.233mg<\/p>\n<p>&nbsp;<\/p>\n<p><strong>Origine<\/strong>\u00a0: S\u00e9n\u00e9gal<\/p>\n<p><strong>Qualit\u00e9<\/strong>\u00a0:<\/p>\n<p>100% naturel \u2013 Source de calcium, de fer et de vitamines B \u2013 Sans pesticides V\u00e9g\u00e9tal \u2013 Sans gluten \u2013 Sans lactose \u2013 Sans soja- Sans colorant ni conservateur<\/p>\n<p><strong>Composition<\/strong>\u00a0:<\/p>\n<p>Ingr\u00e9dients 100% poudre de baobab biologique.<\/p>\n<p><strong>Important<\/strong>\u00a0: \u00e0 conserver \u00e0 temp\u00e9rature ambiante, au sec et \u00e0 l\u2019abri de la lumi\u00e8re.<\/p>\n<p>Consommer dans le cadre d\u2019une alimentation saine et \u00e9quilibr\u00e9e.<\/p>\n<\/div>","protected":false},"excerpt":{"rendered":"<p>The African Baobab (Adansonia digitata) is a deciduous tree commonly found in the Comoros, Madagascar and tropical Africa where it is also the emblem of Senegal. It is also called tree of life or tree of palaver among many other names commonly used to describe it.<\/p>","protected":false},"featured_media":401,"comment_status":"open","ping_status":"closed","template":"","meta":{"_acf_changed":false},"product_brand":[],"product_cat":[48],"product_tag":[46,47],"class_list":{"0":"post-79","1":"product","2":"type-product","3":"status-publish","4":"has-post-thumbnail","6":"product_cat-poudres","7":"product_tag-baobab","8":"product_tag-poudre","10":"first","11":"instock","12":"shipping-taxable","13":"purchasable","14":"product-type-simple"},"acf":[],"yoast_head":"<!-- This site is optimized with the Yoast SEO plugin v27.1.1 - https:\/\/yoast.com\/product\/yoast-seo-wordpress\/ -->\n<title>Poudre de Baobab 250g - Poudre de Bouye - Land Of Africa<\/title>\n<meta name=\"description\" content=\"L\u2019int\u00e9r\u00eat nutritionnel de la pulpe de fruit de baobab Ethnoscience repose sur sa forte teneur en calcium, potassium, vitamine C...\" \/>\n<meta name=\"robots\" content=\"index, follow, max-snippet:-1, max-image-preview:large, max-video-preview:-1\" \/>\n<link rel=\"canonical\" href=\"https:\/\/land-of-africa.com\/en\/product\/poudre-de-baobab-250g\/\" \/>\n<meta property=\"og:locale\" content=\"en_US\" \/>\n<meta property=\"og:type\" content=\"article\" \/>\n<meta property=\"og:title\" content=\"Poudre de Baobab 250g - Poudre de Bouye - Land Of Africa\" \/>\n<meta property=\"og:description\" content=\"L\u2019int\u00e9r\u00eat nutritionnel de la pulpe de fruit de baobab Ethnoscience repose sur sa forte teneur en calcium, potassium, vitamine C...\" \/>\n<meta property=\"og:url\" content=\"https:\/\/land-of-africa.com\/en\/product\/poudre-de-baobab-250g\/\" \/>\n<meta property=\"og:site_name\" content=\"Land Of Africa\" \/>\n<meta property=\"article:publisher\" content=\"https:\/\/web.facebook.com\/SenegalProjet\" \/>\n<meta property=\"article:modified_time\" content=\"2026-01-21T19:09:19+00:00\" \/>\n<meta property=\"og:image\" content=\"https:\/\/i0.wp.com\/land-of-africa.com\/wp-content\/uploads\/2022\/09\/Poudre250g_produit1.jpg?fit=1200%2C1200&ssl=1\" \/>\n\t<meta property=\"og:image:width\" content=\"1200\" \/>\n\t<meta property=\"og:image:height\" content=\"1200\" \/>\n\t<meta property=\"og:image:type\" content=\"image\/jpeg\" \/>\n<meta name=\"twitter:card\" content=\"summary_large_image\" \/>\n<meta name=\"twitter:site\" content=\"@LandOfAfrica1\" \/>\n<meta name=\"twitter:label1\" content=\"Est. reading time\" \/>\n\t<meta name=\"twitter:data1\" content=\"3 minutes\" \/>\n<script type=\"application\/ld+json\" class=\"yoast-schema-graph\">{\"@context\":\"https:\/\/schema.org\",\"@graph\":[{\"@type\":\"WebPage\",\"@id\":\"https:\/\/land-of-africa.com\/en\/product\/poudre-de-baobab-250g\/\",\"url\":\"https:\/\/land-of-africa.com\/en\/product\/poudre-de-baobab-250g\/\",\"name\":\"Poudre de Baobab 250g - Poudre de Bouye - Land Of Africa\",\"isPartOf\":{\"@id\":\"https:\/\/land-of-africa.com\/#website\"},\"primaryImageOfPage\":{\"@id\":\"https:\/\/land-of-africa.com\/en\/product\/poudre-de-baobab-250g\/#primaryimage\"},\"image\":{\"@id\":\"https:\/\/land-of-africa.com\/en\/product\/poudre-de-baobab-250g\/#primaryimage\"},\"thumbnailUrl\":\"https:\/\/i0.wp.com\/land-of-africa.com\/wp-content\/uploads\/2022\/09\/Poudre250g_produit1.jpg?fit=1200%2C1200&ssl=1\",\"datePublished\":\"2022-09-06T17:13:20+00:00\",\"dateModified\":\"2026-01-21T19:09:19+00:00\",\"description\":\"L\u2019int\u00e9r\u00eat nutritionnel de la pulpe de fruit de baobab Ethnoscience repose sur sa forte teneur en calcium, potassium, vitamine C...\",\"breadcrumb\":{\"@id\":\"https:\/\/land-of-africa.com\/en\/product\/poudre-de-baobab-250g\/#breadcrumb\"},\"inLanguage\":\"en-US\",\"potentialAction\":[{\"@type\":\"ReadAction\",\"target\":[\"https:\/\/land-of-africa.com\/en\/product\/poudre-de-baobab-250g\/\"]}]},{\"@type\":\"ImageObject\",\"inLanguage\":\"en-US\",\"@id\":\"https:\/\/land-of-africa.com\/en\/product\/poudre-de-baobab-250g\/#primaryimage\",\"url\":\"https:\/\/i0.wp.com\/land-of-africa.com\/wp-content\/uploads\/2022\/09\/Poudre250g_produit1.jpg?fit=1200%2C1200&ssl=1\",\"contentUrl\":\"https:\/\/i0.wp.com\/land-of-africa.com\/wp-content\/uploads\/2022\/09\/Poudre250g_produit1.jpg?fit=1200%2C1200&ssl=1\",\"width\":1200,\"height\":1200,\"caption\":\"Acheter Poudre de Baobab (bouye), Poudre moringa (n\u00e9b\u00e9daay), poudre de spiruline naturel bio dakar s\u00e9n\u00e9gal\"},{\"@type\":\"BreadcrumbList\",\"@id\":\"https:\/\/land-of-africa.com\/en\/product\/poudre-de-baobab-250g\/#breadcrumb\",\"itemListElement\":[{\"@type\":\"ListItem\",\"position\":1,\"name\":\"Accueil\",\"item\":\"https:\/\/land-of-africa.com\/\"},{\"@type\":\"ListItem\",\"position\":2,\"name\":\"Boutique\",\"item\":\"https:\/\/land-of-africa.com\/boutique\/\"},{\"@type\":\"ListItem\",\"position\":3,\"name\":\"Poudre de Baobab 250g\"}]},{\"@type\":\"WebSite\",\"@id\":\"https:\/\/land-of-africa.com\/#website\",\"url\":\"https:\/\/land-of-africa.com\/\",\"name\":\"Land Of Africa\",\"description\":\"Revaloriser les produits agricoles et forestiers\",\"publisher\":{\"@id\":\"https:\/\/land-of-africa.com\/#organization\"},\"potentialAction\":[{\"@type\":\"SearchAction\",\"target\":{\"@type\":\"EntryPoint\",\"urlTemplate\":\"https:\/\/land-of-africa.com\/?s={search_term_string}\"},\"query-input\":{\"@type\":\"PropertyValueSpecification\",\"valueRequired\":true,\"valueName\":\"search_term_string\"}}],\"inLanguage\":\"en-US\"},{\"@type\":\"Organization\",\"@id\":\"https:\/\/land-of-africa.com\/#organization\",\"name\":\"Land Of Africa\",\"url\":\"https:\/\/land-of-africa.com\/\",\"logo\":{\"@type\":\"ImageObject\",\"inLanguage\":\"en-US\",\"@id\":\"https:\/\/land-of-africa.com\/#\/schema\/logo\/image\/\",\"url\":\"https:\/\/land-of-africa.com\/wp-content\/uploads\/2023\/03\/logo_wide-e1678042841820.jpg\",\"contentUrl\":\"https:\/\/land-of-africa.com\/wp-content\/uploads\/2023\/03\/logo_wide-e1678042841820.jpg\",\"width\":549,\"height\":549,\"caption\":\"Land Of Africa\"},\"image\":{\"@id\":\"https:\/\/land-of-africa.com\/#\/schema\/logo\/image\/\"},\"sameAs\":[\"https:\/\/web.facebook.com\/SenegalProjet\",\"https:\/\/x.com\/LandOfAfrica1\",\"https:\/\/www.instagram.com\/land_of_africa_sn\"]}]}<\/script>\n<!-- \/ Yoast SEO plugin. -->","yoast_head_json":{"title":"Poudre de Baobab 250g - Poudre de Bouye - Land Of Africa","description":"L\u2019int\u00e9r\u00eat nutritionnel de la pulpe de fruit de baobab Ethnoscience repose sur sa forte teneur en calcium, potassium, vitamine C...","robots":{"index":"index","follow":"follow","max-snippet":"max-snippet:-1","max-image-preview":"max-image-preview:large","max-video-preview":"max-video-preview:-1"},"canonical":"https:\/\/land-of-africa.com\/en\/product\/poudre-de-baobab-250g\/","og_locale":"en_US","og_type":"article","og_title":"Poudre de Baobab 250g - Poudre de Bouye - Land Of Africa","og_description":"L\u2019int\u00e9r\u00eat nutritionnel de la pulpe de fruit de baobab Ethnoscience repose sur sa forte teneur en calcium, potassium, vitamine C...","og_url":"https:\/\/land-of-africa.com\/en\/product\/poudre-de-baobab-250g\/","og_site_name":"Land Of Africa","article_publisher":"https:\/\/web.facebook.com\/SenegalProjet","article_modified_time":"2026-01-21T19:09:19+00:00","og_image":[{"width":1200,"height":1200,"url":"https:\/\/i0.wp.com\/land-of-africa.com\/wp-content\/uploads\/2022\/09\/Poudre250g_produit1.jpg?fit=1200%2C1200&ssl=1","type":"image\/jpeg"}],"twitter_card":"summary_large_image","twitter_site":"@LandOfAfrica1","twitter_misc":{"Est. reading time":"3 minutes"},"schema":{"@context":"https:\/\/schema.org","@graph":[{"@type":"WebPage","@id":"https:\/\/land-of-africa.com\/en\/product\/poudre-de-baobab-250g\/","url":"https:\/\/land-of-africa.com\/en\/product\/poudre-de-baobab-250g\/","name":"Poudre de Baobab 250g - Poudre de Bouye - Land Of Africa","isPartOf":{"@id":"https:\/\/land-of-africa.com\/#website"},"primaryImageOfPage":{"@id":"https:\/\/land-of-africa.com\/en\/product\/poudre-de-baobab-250g\/#primaryimage"},"image":{"@id":"https:\/\/land-of-africa.com\/en\/product\/poudre-de-baobab-250g\/#primaryimage"},"thumbnailUrl":"https:\/\/i0.wp.com\/land-of-africa.com\/wp-content\/uploads\/2022\/09\/Poudre250g_produit1.jpg?fit=1200%2C1200&ssl=1","datePublished":"2022-09-06T17:13:20+00:00","dateModified":"2026-01-21T19:09:19+00:00","description":"L\u2019int\u00e9r\u00eat nutritionnel de la pulpe de fruit de baobab Ethnoscience repose sur sa forte teneur en calcium, potassium, vitamine C...","breadcrumb":{"@id":"https:\/\/land-of-africa.com\/en\/product\/poudre-de-baobab-250g\/#breadcrumb"},"inLanguage":"en-US","potentialAction":[{"@type":"ReadAction","target":["https:\/\/land-of-africa.com\/en\/product\/poudre-de-baobab-250g\/"]}]},{"@type":"ImageObject","inLanguage":"en-US","@id":"https:\/\/land-of-africa.com\/en\/product\/poudre-de-baobab-250g\/#primaryimage","url":"https:\/\/i0.wp.com\/land-of-africa.com\/wp-content\/uploads\/2022\/09\/Poudre250g_produit1.jpg?fit=1200%2C1200&ssl=1","contentUrl":"https:\/\/i0.wp.com\/land-of-africa.com\/wp-content\/uploads\/2022\/09\/Poudre250g_produit1.jpg?fit=1200%2C1200&ssl=1","width":1200,"height":1200,"caption":"Acheter Poudre de Baobab (bouye), Poudre moringa (n\u00e9b\u00e9daay), poudre de spiruline naturel bio dakar s\u00e9n\u00e9gal"},{"@type":"BreadcrumbList","@id":"https:\/\/land-of-africa.com\/en\/product\/poudre-de-baobab-250g\/#breadcrumb","itemListElement":[{"@type":"ListItem","position":1,"name":"Accueil","item":"https:\/\/land-of-africa.com\/"},{"@type":"ListItem","position":2,"name":"Boutique","item":"https:\/\/land-of-africa.com\/boutique\/"},{"@type":"ListItem","position":3,"name":"Poudre de Baobab 250g"}]},{"@type":"WebSite","@id":"https:\/\/land-of-africa.com\/#website","url":"https:\/\/land-of-africa.com\/","name":"Land Of Africa","description":"Revaloriser les produits agricoles et forestiers","publisher":{"@id":"https:\/\/land-of-africa.com\/#organization"},"potentialAction":[{"@type":"SearchAction","target":{"@type":"EntryPoint","urlTemplate":"https:\/\/land-of-africa.com\/?s={search_term_string}"},"query-input":{"@type":"PropertyValueSpecification","valueRequired":true,"valueName":"search_term_string"}}],"inLanguage":"en-US"},{"@type":"Organization","@id":"https:\/\/land-of-africa.com\/#organization","name":"Land Of Africa","url":"https:\/\/land-of-africa.com\/","logo":{"@type":"ImageObject","inLanguage":"en-US","@id":"https:\/\/land-of-africa.com\/#\/schema\/logo\/image\/","url":"https:\/\/land-of-africa.com\/wp-content\/uploads\/2023\/03\/logo_wide-e1678042841820.jpg","contentUrl":"https:\/\/land-of-africa.com\/wp-content\/uploads\/2023\/03\/logo_wide-e1678042841820.jpg","width":549,"height":549,"caption":"Land Of Africa"},"image":{"@id":"https:\/\/land-of-africa.com\/#\/schema\/logo\/image\/"},"sameAs":["https:\/\/web.facebook.com\/SenegalProjet","https:\/\/x.com\/LandOfAfrica1","https:\/\/www.instagram.com\/land_of_africa_sn"]}]}},"jetpack_sharing_enabled":true,"_links":{"self":[{"href":"https:\/\/land-of-africa.com\/en\/wp-json\/wp\/v2\/product\/79","targetHints":{"allow":["GET"]}}],"collection":[{"href":"https:\/\/land-of-africa.com\/en\/wp-json\/wp\/v2\/product"}],"about":[{"href":"https:\/\/land-of-africa.com\/en\/wp-json\/wp\/v2\/types\/product"}],"replies":[{"embeddable":true,"href":"https:\/\/land-of-africa.com\/en\/wp-json\/wp\/v2\/comments?post=79"}],"version-history":[{"count":1,"href":"https:\/\/land-of-africa.com\/en\/wp-json\/wp\/v2\/product\/79\/revisions"}],"predecessor-version":[{"id":1144,"href":"https:\/\/land-of-africa.com\/en\/wp-json\/wp\/v2\/product\/79\/revisions\/1144"}],"wp:featuredmedia":[{"embeddable":true,"href":"https:\/\/land-of-africa.com\/en\/wp-json\/wp\/v2\/media\/401"}],"wp:attachment":[{"href":"https:\/\/land-of-africa.com\/en\/wp-json\/wp\/v2\/media?parent=79"}],"wp:term":[{"taxonomy":"product_brand","embeddable":true,"href":"https:\/\/land-of-africa.com\/en\/wp-json\/wp\/v2\/product_brand?post=79"},{"taxonomy":"product_cat","embeddable":true,"href":"https:\/\/land-of-africa.com\/en\/wp-json\/wp\/v2\/product_cat?post=79"},{"taxonomy":"product_tag","embeddable":true,"href":"https:\/\/land-of-africa.com\/en\/wp-json\/wp\/v2\/product_tag?post=79"}],"curies":[{"name":"wp","href":"https:\/\/api.w.org\/{rel}","templated":true}]}}