{"id":631,"date":"2023-03-02T22:47:11","date_gmt":"2023-03-02T22:47:11","guid":{"rendered":"https:\/\/land-of-africa.com\/?post_type=product&#038;p=631"},"modified":"2025-09-22T11:11:51","modified_gmt":"2025-09-22T11:11:51","slug":"pack-plus-poudres-de-baobab-et-green-powder-moringa","status":"publish","type":"product","link":"https:\/\/land-of-africa.com\/en\/product\/pack-plus-poudres-de-baobab-et-green-powder-moringa\/","title":{"rendered":"Pack Plus"},"content":{"rendered":"<div class=\"product-desc-content\">\n<h2><span class=\"s2\">Composition du Pack<\/span><\/h2>\n<p>Le Pack Plus comprends une poudres de Baobab 500g ainsi qu&rsquo;une Green Powders de 200g.<\/p>\n<h2><span class=\"s2\">Description Poudre de Baobab<\/span><\/h2>\n<p>L\u2019int\u00e9r\u00eat nutritionnel de la pulpe de fruit de baobab ethnoscience repose sur sa forte teneur en calcium, potassium, vitamine C. C\u2019est aussi un pr\u00e9-biotique de grande qualit\u00e9 gr\u00e2ce \u00e0 sa haute teneur en fibres alimentaires solubles. Elle est consid\u00e9r\u00e9e comme un fortifiant pour tous et particuli\u00e8rement conseill\u00e9e pour garder forme et vitalit\u00e9.<\/p>\n<h2><span class=\"s2\">Description Green Powder<\/span><\/h2>\n<div class=\"woocommerce-product-details__short-description\">\n<p>Green powder is a blend of baobab, moringa and spirulina, ideal for strengthening and regenerating your body. This mixture is naturally rich in vitamin B (B1, B2, B3, B6) C, proteins, iron, magnesium, manganese, calcium, phosphorus and beta carotene.<\/p>\n<\/div>\n<p>Un super aliment \u00e0 d\u00e9guster tout au long de la journ\u00e9e pour faire le plein de nutriments essentiels, combler les d\u00e9ficiences de l\u2019organisme et ainsi conserver une bonne immunit\u00e9.<\/p>\n<\/div>","protected":false},"excerpt":{"rendered":"<p>Le Pack Gold comprends une poudres de Baobab 500g ainsi qu&rsquo;une Green Powders de 200g.<\/p>","protected":false},"featured_media":634,"comment_status":"open","ping_status":"closed","template":"","meta":{"_acf_changed":false},"product_brand":[],"product_cat":[48],"product_tag":[46,49,50,51],"class_list":{"0":"post-631","1":"product","2":"type-product","3":"status-publish","4":"has-post-thumbnail","6":"product_cat-poudres","7":"product_tag-baobab","8":"product_tag-green-powder","9":"product_tag-moringa","10":"product_tag-spiruline","12":"first","13":"instock","14":"shipping-taxable","15":"purchasable","16":"product-type-simple"},"acf":[],"yoast_head":"<!-- This site is optimized with the Yoast SEO plugin v27.1.1 - https:\/\/yoast.com\/product\/yoast-seo-wordpress\/ -->\n<title>Pack Plus - Land Of Africa<\/title>\n<meta name=\"description\" content=\"Composition du PackLe Pack Plus comprends une poudres de Baobab 500g ainsi qu&#039;une Green Powders de 200g. Forte teneur en calcium, potassium, vitamine C.\" \/>\n<meta name=\"robots\" content=\"index, follow, max-snippet:-1, max-image-preview:large, max-video-preview:-1\" \/>\n<link rel=\"canonical\" href=\"https:\/\/land-of-africa.com\/en\/product\/pack-plus-poudres-de-baobab-et-green-powder-moringa\/\" \/>\n<meta property=\"og:locale\" content=\"en_US\" \/>\n<meta property=\"og:type\" content=\"article\" \/>\n<meta property=\"og:title\" content=\"Pack Plus - Land Of Africa\" \/>\n<meta property=\"og:description\" content=\"Composition du PackLe Pack Plus comprends une poudres de Baobab 500g ainsi qu&#039;une Green Powders de 200g. Forte teneur en calcium, potassium, vitamine C.\" \/>\n<meta property=\"og:url\" content=\"https:\/\/land-of-africa.com\/en\/product\/pack-plus-poudres-de-baobab-et-green-powder-moringa\/\" \/>\n<meta property=\"og:site_name\" content=\"Land Of Africa\" \/>\n<meta property=\"article:publisher\" content=\"https:\/\/web.facebook.com\/SenegalProjet\" \/>\n<meta property=\"article:modified_time\" content=\"2025-09-22T11:11:51+00:00\" \/>\n<meta property=\"og:image\" content=\"https:\/\/i0.wp.com\/land-of-africa.com\/wp-content\/uploads\/2023\/03\/prroduit_pack_plus.jpg?fit=1200%2C1200&ssl=1\" \/>\n\t<meta property=\"og:image:width\" content=\"1200\" \/>\n\t<meta property=\"og:image:height\" content=\"1200\" \/>\n\t<meta property=\"og:image:type\" content=\"image\/jpeg\" \/>\n<meta name=\"twitter:card\" content=\"summary_large_image\" \/>\n<meta name=\"twitter:site\" content=\"@LandOfAfrica1\" \/>\n<meta name=\"twitter:label1\" content=\"Est. reading time\" \/>\n\t<meta name=\"twitter:data1\" content=\"1 minute\" \/>\n<script type=\"application\/ld+json\" class=\"yoast-schema-graph\">{\"@context\":\"https:\/\/schema.org\",\"@graph\":[{\"@type\":\"WebPage\",\"@id\":\"https:\/\/land-of-africa.com\/en\/product\/pack-plus-poudres-de-baobab-et-green-powder-moringa\/\",\"url\":\"https:\/\/land-of-africa.com\/en\/product\/pack-plus-poudres-de-baobab-et-green-powder-moringa\/\",\"name\":\"Pack Plus - Land Of Africa\",\"isPartOf\":{\"@id\":\"https:\/\/land-of-africa.com\/#website\"},\"primaryImageOfPage\":{\"@id\":\"https:\/\/land-of-africa.com\/en\/product\/pack-plus-poudres-de-baobab-et-green-powder-moringa\/#primaryimage\"},\"image\":{\"@id\":\"https:\/\/land-of-africa.com\/en\/product\/pack-plus-poudres-de-baobab-et-green-powder-moringa\/#primaryimage\"},\"thumbnailUrl\":\"https:\/\/i0.wp.com\/land-of-africa.com\/wp-content\/uploads\/2023\/03\/prroduit_pack_plus.jpg?fit=1200%2C1200&ssl=1\",\"datePublished\":\"2023-03-02T22:47:11+00:00\",\"dateModified\":\"2025-09-22T11:11:51+00:00\",\"description\":\"Composition du PackLe Pack Plus comprends une poudres de Baobab 500g ainsi qu'une Green Powders de 200g. Forte teneur en calcium, potassium, vitamine C.\",\"breadcrumb\":{\"@id\":\"https:\/\/land-of-africa.com\/en\/product\/pack-plus-poudres-de-baobab-et-green-powder-moringa\/#breadcrumb\"},\"inLanguage\":\"en-US\",\"potentialAction\":[{\"@type\":\"ReadAction\",\"target\":[\"https:\/\/land-of-africa.com\/en\/product\/pack-plus-poudres-de-baobab-et-green-powder-moringa\/\"]}]},{\"@type\":\"ImageObject\",\"inLanguage\":\"en-US\",\"@id\":\"https:\/\/land-of-africa.com\/en\/product\/pack-plus-poudres-de-baobab-et-green-powder-moringa\/#primaryimage\",\"url\":\"https:\/\/i0.wp.com\/land-of-africa.com\/wp-content\/uploads\/2023\/03\/prroduit_pack_plus.jpg?fit=1200%2C1200&ssl=1\",\"contentUrl\":\"https:\/\/i0.wp.com\/land-of-africa.com\/wp-content\/uploads\/2023\/03\/prroduit_pack_plus.jpg?fit=1200%2C1200&ssl=1\",\"width\":1200,\"height\":1200,\"caption\":\"Acheter Poudre de Baobab (bouye), Poudre moringa (n\u00e9b\u00e9daay), poudre de spiruline naturel bio dakar s\u00e9n\u00e9gal\"},{\"@type\":\"BreadcrumbList\",\"@id\":\"https:\/\/land-of-africa.com\/en\/product\/pack-plus-poudres-de-baobab-et-green-powder-moringa\/#breadcrumb\",\"itemListElement\":[{\"@type\":\"ListItem\",\"position\":1,\"name\":\"Accueil\",\"item\":\"https:\/\/land-of-africa.com\/\"},{\"@type\":\"ListItem\",\"position\":2,\"name\":\"Boutique\",\"item\":\"https:\/\/land-of-africa.com\/en\/boutique\/\"},{\"@type\":\"ListItem\",\"position\":3,\"name\":\"Pack Plus\"}]},{\"@type\":\"WebSite\",\"@id\":\"https:\/\/land-of-africa.com\/#website\",\"url\":\"https:\/\/land-of-africa.com\/\",\"name\":\"Land Of Africa\",\"description\":\"Revaloriser les produits agricoles et forestiers\",\"publisher\":{\"@id\":\"https:\/\/land-of-africa.com\/#organization\"},\"potentialAction\":[{\"@type\":\"SearchAction\",\"target\":{\"@type\":\"EntryPoint\",\"urlTemplate\":\"https:\/\/land-of-africa.com\/?s={search_term_string}\"},\"query-input\":{\"@type\":\"PropertyValueSpecification\",\"valueRequired\":true,\"valueName\":\"search_term_string\"}}],\"inLanguage\":\"en-US\"},{\"@type\":\"Organization\",\"@id\":\"https:\/\/land-of-africa.com\/#organization\",\"name\":\"Land Of Africa\",\"url\":\"https:\/\/land-of-africa.com\/\",\"logo\":{\"@type\":\"ImageObject\",\"inLanguage\":\"en-US\",\"@id\":\"https:\/\/land-of-africa.com\/#\/schema\/logo\/image\/\",\"url\":\"https:\/\/land-of-africa.com\/wp-content\/uploads\/2023\/03\/logo_wide-e1678042841820.jpg\",\"contentUrl\":\"https:\/\/land-of-africa.com\/wp-content\/uploads\/2023\/03\/logo_wide-e1678042841820.jpg\",\"width\":549,\"height\":549,\"caption\":\"Land Of Africa\"},\"image\":{\"@id\":\"https:\/\/land-of-africa.com\/#\/schema\/logo\/image\/\"},\"sameAs\":[\"https:\/\/web.facebook.com\/SenegalProjet\",\"https:\/\/x.com\/LandOfAfrica1\",\"https:\/\/www.instagram.com\/land_of_africa_sn\"]}]}<\/script>\n<!-- \/ Yoast SEO plugin. -->","yoast_head_json":{"title":"Pack Plus - Land Of Africa","description":"Composition du PackLe Pack Plus comprends une poudres de Baobab 500g ainsi qu'une Green Powders de 200g. Forte teneur en calcium, potassium, vitamine C.","robots":{"index":"index","follow":"follow","max-snippet":"max-snippet:-1","max-image-preview":"max-image-preview:large","max-video-preview":"max-video-preview:-1"},"canonical":"https:\/\/land-of-africa.com\/en\/product\/pack-plus-poudres-de-baobab-et-green-powder-moringa\/","og_locale":"en_US","og_type":"article","og_title":"Pack Plus - Land Of Africa","og_description":"Composition du PackLe Pack Plus comprends une poudres de Baobab 500g ainsi qu'une Green Powders de 200g. Forte teneur en calcium, potassium, vitamine C.","og_url":"https:\/\/land-of-africa.com\/en\/product\/pack-plus-poudres-de-baobab-et-green-powder-moringa\/","og_site_name":"Land Of Africa","article_publisher":"https:\/\/web.facebook.com\/SenegalProjet","article_modified_time":"2025-09-22T11:11:51+00:00","og_image":[{"width":1200,"height":1200,"url":"https:\/\/i0.wp.com\/land-of-africa.com\/wp-content\/uploads\/2023\/03\/prroduit_pack_plus.jpg?fit=1200%2C1200&ssl=1","type":"image\/jpeg"}],"twitter_card":"summary_large_image","twitter_site":"@LandOfAfrica1","twitter_misc":{"Est. reading time":"1 minute"},"schema":{"@context":"https:\/\/schema.org","@graph":[{"@type":"WebPage","@id":"https:\/\/land-of-africa.com\/en\/product\/pack-plus-poudres-de-baobab-et-green-powder-moringa\/","url":"https:\/\/land-of-africa.com\/en\/product\/pack-plus-poudres-de-baobab-et-green-powder-moringa\/","name":"Pack Plus - Land Of Africa","isPartOf":{"@id":"https:\/\/land-of-africa.com\/#website"},"primaryImageOfPage":{"@id":"https:\/\/land-of-africa.com\/en\/product\/pack-plus-poudres-de-baobab-et-green-powder-moringa\/#primaryimage"},"image":{"@id":"https:\/\/land-of-africa.com\/en\/product\/pack-plus-poudres-de-baobab-et-green-powder-moringa\/#primaryimage"},"thumbnailUrl":"https:\/\/i0.wp.com\/land-of-africa.com\/wp-content\/uploads\/2023\/03\/prroduit_pack_plus.jpg?fit=1200%2C1200&ssl=1","datePublished":"2023-03-02T22:47:11+00:00","dateModified":"2025-09-22T11:11:51+00:00","description":"Composition du PackLe Pack Plus comprends une poudres de Baobab 500g ainsi qu'une Green Powders de 200g. Forte teneur en calcium, potassium, vitamine C.","breadcrumb":{"@id":"https:\/\/land-of-africa.com\/en\/product\/pack-plus-poudres-de-baobab-et-green-powder-moringa\/#breadcrumb"},"inLanguage":"en-US","potentialAction":[{"@type":"ReadAction","target":["https:\/\/land-of-africa.com\/en\/product\/pack-plus-poudres-de-baobab-et-green-powder-moringa\/"]}]},{"@type":"ImageObject","inLanguage":"en-US","@id":"https:\/\/land-of-africa.com\/en\/product\/pack-plus-poudres-de-baobab-et-green-powder-moringa\/#primaryimage","url":"https:\/\/i0.wp.com\/land-of-africa.com\/wp-content\/uploads\/2023\/03\/prroduit_pack_plus.jpg?fit=1200%2C1200&ssl=1","contentUrl":"https:\/\/i0.wp.com\/land-of-africa.com\/wp-content\/uploads\/2023\/03\/prroduit_pack_plus.jpg?fit=1200%2C1200&ssl=1","width":1200,"height":1200,"caption":"Acheter Poudre de Baobab (bouye), Poudre moringa (n\u00e9b\u00e9daay), poudre de spiruline naturel bio dakar s\u00e9n\u00e9gal"},{"@type":"BreadcrumbList","@id":"https:\/\/land-of-africa.com\/en\/product\/pack-plus-poudres-de-baobab-et-green-powder-moringa\/#breadcrumb","itemListElement":[{"@type":"ListItem","position":1,"name":"Accueil","item":"https:\/\/land-of-africa.com\/"},{"@type":"ListItem","position":2,"name":"Boutique","item":"https:\/\/land-of-africa.com\/en\/boutique\/"},{"@type":"ListItem","position":3,"name":"Pack Plus"}]},{"@type":"WebSite","@id":"https:\/\/land-of-africa.com\/#website","url":"https:\/\/land-of-africa.com\/","name":"Land Of Africa","description":"Revaloriser les produits agricoles et forestiers","publisher":{"@id":"https:\/\/land-of-africa.com\/#organization"},"potentialAction":[{"@type":"SearchAction","target":{"@type":"EntryPoint","urlTemplate":"https:\/\/land-of-africa.com\/?s={search_term_string}"},"query-input":{"@type":"PropertyValueSpecification","valueRequired":true,"valueName":"search_term_string"}}],"inLanguage":"en-US"},{"@type":"Organization","@id":"https:\/\/land-of-africa.com\/#organization","name":"Land Of Africa","url":"https:\/\/land-of-africa.com\/","logo":{"@type":"ImageObject","inLanguage":"en-US","@id":"https:\/\/land-of-africa.com\/#\/schema\/logo\/image\/","url":"https:\/\/land-of-africa.com\/wp-content\/uploads\/2023\/03\/logo_wide-e1678042841820.jpg","contentUrl":"https:\/\/land-of-africa.com\/wp-content\/uploads\/2023\/03\/logo_wide-e1678042841820.jpg","width":549,"height":549,"caption":"Land Of Africa"},"image":{"@id":"https:\/\/land-of-africa.com\/#\/schema\/logo\/image\/"},"sameAs":["https:\/\/web.facebook.com\/SenegalProjet","https:\/\/x.com\/LandOfAfrica1","https:\/\/www.instagram.com\/land_of_africa_sn"]}]}},"jetpack_sharing_enabled":true,"_links":{"self":[{"href":"https:\/\/land-of-africa.com\/en\/wp-json\/wp\/v2\/product\/631","targetHints":{"allow":["GET"]}}],"collection":[{"href":"https:\/\/land-of-africa.com\/en\/wp-json\/wp\/v2\/product"}],"about":[{"href":"https:\/\/land-of-africa.com\/en\/wp-json\/wp\/v2\/types\/product"}],"replies":[{"embeddable":true,"href":"https:\/\/land-of-africa.com\/en\/wp-json\/wp\/v2\/comments?post=631"}],"version-history":[{"count":1,"href":"https:\/\/land-of-africa.com\/en\/wp-json\/wp\/v2\/product\/631\/revisions"}],"predecessor-version":[{"id":1164,"href":"https:\/\/land-of-africa.com\/en\/wp-json\/wp\/v2\/product\/631\/revisions\/1164"}],"wp:featuredmedia":[{"embeddable":true,"href":"https:\/\/land-of-africa.com\/en\/wp-json\/wp\/v2\/media\/634"}],"wp:attachment":[{"href":"https:\/\/land-of-africa.com\/en\/wp-json\/wp\/v2\/media?parent=631"}],"wp:term":[{"taxonomy":"product_brand","embeddable":true,"href":"https:\/\/land-of-africa.com\/en\/wp-json\/wp\/v2\/product_brand?post=631"},{"taxonomy":"product_cat","embeddable":true,"href":"https:\/\/land-of-africa.com\/en\/wp-json\/wp\/v2\/product_cat?post=631"},{"taxonomy":"product_tag","embeddable":true,"href":"https:\/\/land-of-africa.com\/en\/wp-json\/wp\/v2\/product_tag?post=631"}],"curies":[{"name":"wp","href":"https:\/\/api.w.org\/{rel}","templated":true}]}}