{"id":1265,"date":"2025-07-18T18:33:48","date_gmt":"2025-07-18T18:33:48","guid":{"rendered":"https:\/\/land-of-africa.com\/?post_type=product&#038;p=1265"},"modified":"2025-12-02T12:49:53","modified_gmt":"2025-12-02T12:49:53","slug":"poudre-de-moringa-200g","status":"publish","type":"product","link":"https:\/\/land-of-africa.com\/en\/product\/poudre-de-moringa-200g\/","title":{"rendered":"Poudre de Moringa 200g"},"content":{"rendered":"<div class=\"product-desc-content\">\n<h2><span class=\"s2\">DESCRIPTION<\/span><\/h2>\n<\/div>\n<p>\u2022 Riche en flavono\u00efdes antioxydants<br \/>\n\u2022 Les feuilles de Moringa renferment de pr\u00e9cieux<br \/>\nglucosinolates et isothyocyanates, comme la<br \/>\nglucomoringine.<br \/>\n\u2022 Le Moringa est une bonne source de<br \/>\nb\u00eata-carot\u00e8ne<br \/>\n\u2022 Riche en acides amin\u00e9s essentiels, le Moringa est<br \/>\nune source int\u00e9ressante de prot\u00e9ines<\/p>\n<p>LES BIENFAITS DE NOTRE MORINGA<\/p>\n<p>\u00b7 Riche en flavono\u00efdes antioxydants, et plus g\u00e9n\u00e9ralement en polyph\u00e9nols, le Moringa est appr\u00e9ci\u00e9 pour ses<br \/>\nnombreuses vertus sur la sant\u00e9.<br \/>\n\u00b7 Les feuilles de Moringa renferment de pr\u00e9cieux glucosinolates et isothyocyanates, comme la glucomoringine.<br \/>\nLes glucosinolates et isothiocyanates, qui se retrouvent \u00e9galement dans les Crucif\u00e8res, comme les<br \/>\nbrocolis, choux, cresson ou radis, sont une famille de compos\u00e9s actifs soufr\u00e9s tr\u00e8s importants dont les bienfaits<br \/>\nexceptionnels sur la sant\u00e9 sont aujourd&rsquo;hui largement reconnus par la science.<br \/>\n\u00b7 Le Moringa est une bonne source de b\u00eata-carot\u00e8ne, un pr\u00e9curseur de la vitamine A, qui joue un r\u00f4le primordial<br \/>\ndans l\u2019immunit\u00e9 et la vision.<br \/>\n\u00b7 Riche en acides amin\u00e9s essentiels, le Moringa est une source int\u00e9ressante de prot\u00e9ines, et donc un alli\u00e9 de<br \/>\nchoix pour les sportifs, ainsi que pour les r\u00e9gimes v\u00e9g\u00e9tariens et vegans.<br \/>\n\u00b7 Concentr\u00e9 de min\u00e9raux, le Moringa contient des teneurs importantes de calcium, potassium et fer.<br \/>\n\u00b7 Le Moringa a des teneurs int\u00e9ressantes en vitamines du groupe B (thiamine, riboflavine, ou encore niacine),<br \/>\nn\u00e9cessaires \u00e0 notre corps pour la production d&rsquo;\u00e9nergie.<br \/>\n\u00b7 V\u00e9ritable tr\u00e9sor nutritionnel, les feuilles de Moringa sont un atout int\u00e9ressant dans le cadre d&rsquo;une alimentation<br \/>\nsaine, ou en accompagnement de di\u00e8tes sp\u00e9cifiques comme le r\u00e9gime c\u00e9tog\u00e8ne \u00ab\u00a0k\u00e9to\u00a0\u00bb.<\/p>\n<p>UTILISATION DU MORINGA<\/p>\n<p>\u00b7 Incorporez 1 cuill\u00e8re \u00e0 caf\u00e9 de poudre de Moringa dans vos soupes et plats en sauce, apr\u00e8s la cuisson.<br \/>\n\u00b7 Incorporez 1\/2 \u00e0 1 cuill\u00e8re \u00e0 caf\u00e9 de poudre de Moringa dans vos smoothies et shakes.<br \/>\n\u00b7 Incorporez 1\/2 cuill\u00e8re \u00e0 caf\u00e9 de poudre de Moringa dans votre th\u00e9 ou tisane pr\u00e9f\u00e9r\u00e9e.<\/p>","protected":false},"excerpt":{"rendered":"<p>Le Moringa, souvent surnomm\u00e9 \u00a0\u00bb l&rsquo;arbre \u00e0 miracles<br \/>\n\u00a0\u00bb dans la phytoth\u00e9rapie africaine, est consid\u00e9r\u00e9<br \/>\ncomme une des plantes les plus utiles pour une<br \/>\nnutrition compl\u00e8te.<\/p>","protected":false},"featured_media":1267,"comment_status":"open","ping_status":"closed","template":"","meta":{"_acf_changed":false},"product_brand":[],"product_cat":[48],"product_tag":[],"class_list":{"0":"post-1265","1":"product","2":"type-product","3":"status-publish","4":"has-post-thumbnail","6":"product_cat-poudres","8":"first","9":"instock","10":"shipping-taxable","11":"purchasable","12":"product-type-simple"},"acf":[],"yoast_head":"<!-- This site is optimized with the Yoast SEO plugin v27.1.1 - https:\/\/yoast.com\/product\/yoast-seo-wordpress\/ -->\n<title>Poudre de Moringa 200g - Land Of Africa<\/title>\n<meta name=\"robots\" content=\"index, follow, max-snippet:-1, max-image-preview:large, max-video-preview:-1\" \/>\n<link rel=\"canonical\" href=\"https:\/\/land-of-africa.com\/en\/product\/poudre-de-moringa-200g\/\" \/>\n<meta property=\"og:locale\" content=\"en_US\" \/>\n<meta property=\"og:type\" content=\"article\" \/>\n<meta property=\"og:title\" content=\"Poudre de Moringa 200g - Land Of Africa\" \/>\n<meta property=\"og:description\" content=\"Le Moringa, souvent surnomm\u00e9 &quot; l&#039;arbre \u00e0 miracles &quot; dans la phytoth\u00e9rapie africaine, est consid\u00e9r\u00e9 comme une des plantes les plus utiles pour une nutrition compl\u00e8te.\" \/>\n<meta property=\"og:url\" content=\"https:\/\/land-of-africa.com\/en\/product\/poudre-de-moringa-200g\/\" \/>\n<meta property=\"og:site_name\" content=\"Land Of Africa\" \/>\n<meta property=\"article:publisher\" content=\"https:\/\/web.facebook.com\/SenegalProjet\" \/>\n<meta property=\"article:modified_time\" content=\"2025-12-02T12:49:53+00:00\" \/>\n<meta property=\"og:image\" content=\"https:\/\/i0.wp.com\/land-of-africa.com\/wp-content\/uploads\/2025\/07\/Moringa-200g.jpg?fit=1572%2C2048&ssl=1\" \/>\n\t<meta property=\"og:image:width\" content=\"1572\" \/>\n\t<meta property=\"og:image:height\" content=\"2048\" \/>\n\t<meta property=\"og:image:type\" content=\"image\/jpeg\" \/>\n<meta name=\"twitter:card\" content=\"summary_large_image\" \/>\n<meta name=\"twitter:site\" content=\"@LandOfAfrica1\" \/>\n<meta name=\"twitter:label1\" content=\"Est. reading time\" \/>\n\t<meta name=\"twitter:data1\" content=\"2 minutes\" \/>\n<script type=\"application\/ld+json\" class=\"yoast-schema-graph\">{\"@context\":\"https:\/\/schema.org\",\"@graph\":[{\"@type\":\"WebPage\",\"@id\":\"https:\/\/land-of-africa.com\/en\/product\/poudre-de-moringa-200g\/\",\"url\":\"https:\/\/land-of-africa.com\/en\/product\/poudre-de-moringa-200g\/\",\"name\":\"Poudre de Moringa 200g - Land Of Africa\",\"isPartOf\":{\"@id\":\"https:\/\/land-of-africa.com\/#website\"},\"primaryImageOfPage\":{\"@id\":\"https:\/\/land-of-africa.com\/en\/product\/poudre-de-moringa-200g\/#primaryimage\"},\"image\":{\"@id\":\"https:\/\/land-of-africa.com\/en\/product\/poudre-de-moringa-200g\/#primaryimage\"},\"thumbnailUrl\":\"https:\/\/i0.wp.com\/land-of-africa.com\/wp-content\/uploads\/2025\/07\/Moringa-200g.jpg?fit=1572%2C2048&ssl=1\",\"datePublished\":\"2025-07-18T18:33:48+00:00\",\"dateModified\":\"2025-12-02T12:49:53+00:00\",\"breadcrumb\":{\"@id\":\"https:\/\/land-of-africa.com\/en\/product\/poudre-de-moringa-200g\/#breadcrumb\"},\"inLanguage\":\"en-US\",\"potentialAction\":[{\"@type\":\"ReadAction\",\"target\":[\"https:\/\/land-of-africa.com\/en\/product\/poudre-de-moringa-200g\/\"]}]},{\"@type\":\"ImageObject\",\"inLanguage\":\"en-US\",\"@id\":\"https:\/\/land-of-africa.com\/en\/product\/poudre-de-moringa-200g\/#primaryimage\",\"url\":\"https:\/\/i0.wp.com\/land-of-africa.com\/wp-content\/uploads\/2025\/07\/Moringa-200g.jpg?fit=1572%2C2048&ssl=1\",\"contentUrl\":\"https:\/\/i0.wp.com\/land-of-africa.com\/wp-content\/uploads\/2025\/07\/Moringa-200g.jpg?fit=1572%2C2048&ssl=1\",\"width\":1572,\"height\":2048},{\"@type\":\"BreadcrumbList\",\"@id\":\"https:\/\/land-of-africa.com\/en\/product\/poudre-de-moringa-200g\/#breadcrumb\",\"itemListElement\":[{\"@type\":\"ListItem\",\"position\":1,\"name\":\"Accueil\",\"item\":\"https:\/\/land-of-africa.com\/\"},{\"@type\":\"ListItem\",\"position\":2,\"name\":\"Boutique\",\"item\":\"https:\/\/land-of-africa.com\/en\/boutique\/\"},{\"@type\":\"ListItem\",\"position\":3,\"name\":\"Poudre de Moringa 200g\"}]},{\"@type\":\"WebSite\",\"@id\":\"https:\/\/land-of-africa.com\/#website\",\"url\":\"https:\/\/land-of-africa.com\/\",\"name\":\"Land Of Africa\",\"description\":\"Revaloriser les produits agricoles et forestiers\",\"publisher\":{\"@id\":\"https:\/\/land-of-africa.com\/#organization\"},\"potentialAction\":[{\"@type\":\"SearchAction\",\"target\":{\"@type\":\"EntryPoint\",\"urlTemplate\":\"https:\/\/land-of-africa.com\/?s={search_term_string}\"},\"query-input\":{\"@type\":\"PropertyValueSpecification\",\"valueRequired\":true,\"valueName\":\"search_term_string\"}}],\"inLanguage\":\"en-US\"},{\"@type\":\"Organization\",\"@id\":\"https:\/\/land-of-africa.com\/#organization\",\"name\":\"Land Of Africa\",\"url\":\"https:\/\/land-of-africa.com\/\",\"logo\":{\"@type\":\"ImageObject\",\"inLanguage\":\"en-US\",\"@id\":\"https:\/\/land-of-africa.com\/#\/schema\/logo\/image\/\",\"url\":\"https:\/\/land-of-africa.com\/wp-content\/uploads\/2023\/03\/logo_wide-e1678042841820.jpg\",\"contentUrl\":\"https:\/\/land-of-africa.com\/wp-content\/uploads\/2023\/03\/logo_wide-e1678042841820.jpg\",\"width\":549,\"height\":549,\"caption\":\"Land Of Africa\"},\"image\":{\"@id\":\"https:\/\/land-of-africa.com\/#\/schema\/logo\/image\/\"},\"sameAs\":[\"https:\/\/web.facebook.com\/SenegalProjet\",\"https:\/\/x.com\/LandOfAfrica1\",\"https:\/\/www.instagram.com\/land_of_africa_sn\"]}]}<\/script>\n<!-- \/ Yoast SEO plugin. -->","yoast_head_json":{"title":"Poudre de Moringa 200g - Land Of Africa","robots":{"index":"index","follow":"follow","max-snippet":"max-snippet:-1","max-image-preview":"max-image-preview:large","max-video-preview":"max-video-preview:-1"},"canonical":"https:\/\/land-of-africa.com\/en\/product\/poudre-de-moringa-200g\/","og_locale":"en_US","og_type":"article","og_title":"Poudre de Moringa 200g - Land Of Africa","og_description":"Le Moringa, souvent surnomm\u00e9 \" l'arbre \u00e0 miracles \" dans la phytoth\u00e9rapie africaine, est consid\u00e9r\u00e9 comme une des plantes les plus utiles pour une nutrition compl\u00e8te.","og_url":"https:\/\/land-of-africa.com\/en\/product\/poudre-de-moringa-200g\/","og_site_name":"Land Of Africa","article_publisher":"https:\/\/web.facebook.com\/SenegalProjet","article_modified_time":"2025-12-02T12:49:53+00:00","og_image":[{"width":1572,"height":2048,"url":"https:\/\/i0.wp.com\/land-of-africa.com\/wp-content\/uploads\/2025\/07\/Moringa-200g.jpg?fit=1572%2C2048&ssl=1","type":"image\/jpeg"}],"twitter_card":"summary_large_image","twitter_site":"@LandOfAfrica1","twitter_misc":{"Est. reading time":"2 minutes"},"schema":{"@context":"https:\/\/schema.org","@graph":[{"@type":"WebPage","@id":"https:\/\/land-of-africa.com\/en\/product\/poudre-de-moringa-200g\/","url":"https:\/\/land-of-africa.com\/en\/product\/poudre-de-moringa-200g\/","name":"Poudre de Moringa 200g - Land Of Africa","isPartOf":{"@id":"https:\/\/land-of-africa.com\/#website"},"primaryImageOfPage":{"@id":"https:\/\/land-of-africa.com\/en\/product\/poudre-de-moringa-200g\/#primaryimage"},"image":{"@id":"https:\/\/land-of-africa.com\/en\/product\/poudre-de-moringa-200g\/#primaryimage"},"thumbnailUrl":"https:\/\/i0.wp.com\/land-of-africa.com\/wp-content\/uploads\/2025\/07\/Moringa-200g.jpg?fit=1572%2C2048&ssl=1","datePublished":"2025-07-18T18:33:48+00:00","dateModified":"2025-12-02T12:49:53+00:00","breadcrumb":{"@id":"https:\/\/land-of-africa.com\/en\/product\/poudre-de-moringa-200g\/#breadcrumb"},"inLanguage":"en-US","potentialAction":[{"@type":"ReadAction","target":["https:\/\/land-of-africa.com\/en\/product\/poudre-de-moringa-200g\/"]}]},{"@type":"ImageObject","inLanguage":"en-US","@id":"https:\/\/land-of-africa.com\/en\/product\/poudre-de-moringa-200g\/#primaryimage","url":"https:\/\/i0.wp.com\/land-of-africa.com\/wp-content\/uploads\/2025\/07\/Moringa-200g.jpg?fit=1572%2C2048&ssl=1","contentUrl":"https:\/\/i0.wp.com\/land-of-africa.com\/wp-content\/uploads\/2025\/07\/Moringa-200g.jpg?fit=1572%2C2048&ssl=1","width":1572,"height":2048},{"@type":"BreadcrumbList","@id":"https:\/\/land-of-africa.com\/en\/product\/poudre-de-moringa-200g\/#breadcrumb","itemListElement":[{"@type":"ListItem","position":1,"name":"Accueil","item":"https:\/\/land-of-africa.com\/"},{"@type":"ListItem","position":2,"name":"Boutique","item":"https:\/\/land-of-africa.com\/en\/boutique\/"},{"@type":"ListItem","position":3,"name":"Poudre de Moringa 200g"}]},{"@type":"WebSite","@id":"https:\/\/land-of-africa.com\/#website","url":"https:\/\/land-of-africa.com\/","name":"Land Of Africa","description":"Revaloriser les produits agricoles et forestiers","publisher":{"@id":"https:\/\/land-of-africa.com\/#organization"},"potentialAction":[{"@type":"SearchAction","target":{"@type":"EntryPoint","urlTemplate":"https:\/\/land-of-africa.com\/?s={search_term_string}"},"query-input":{"@type":"PropertyValueSpecification","valueRequired":true,"valueName":"search_term_string"}}],"inLanguage":"en-US"},{"@type":"Organization","@id":"https:\/\/land-of-africa.com\/#organization","name":"Land Of Africa","url":"https:\/\/land-of-africa.com\/","logo":{"@type":"ImageObject","inLanguage":"en-US","@id":"https:\/\/land-of-africa.com\/#\/schema\/logo\/image\/","url":"https:\/\/land-of-africa.com\/wp-content\/uploads\/2023\/03\/logo_wide-e1678042841820.jpg","contentUrl":"https:\/\/land-of-africa.com\/wp-content\/uploads\/2023\/03\/logo_wide-e1678042841820.jpg","width":549,"height":549,"caption":"Land Of Africa"},"image":{"@id":"https:\/\/land-of-africa.com\/#\/schema\/logo\/image\/"},"sameAs":["https:\/\/web.facebook.com\/SenegalProjet","https:\/\/x.com\/LandOfAfrica1","https:\/\/www.instagram.com\/land_of_africa_sn"]}]}},"jetpack_sharing_enabled":true,"_links":{"self":[{"href":"https:\/\/land-of-africa.com\/en\/wp-json\/wp\/v2\/product\/1265","targetHints":{"allow":["GET"]}}],"collection":[{"href":"https:\/\/land-of-africa.com\/en\/wp-json\/wp\/v2\/product"}],"about":[{"href":"https:\/\/land-of-africa.com\/en\/wp-json\/wp\/v2\/types\/product"}],"replies":[{"embeddable":true,"href":"https:\/\/land-of-africa.com\/en\/wp-json\/wp\/v2\/comments?post=1265"}],"version-history":[{"count":4,"href":"https:\/\/land-of-africa.com\/en\/wp-json\/wp\/v2\/product\/1265\/revisions"}],"predecessor-version":[{"id":1275,"href":"https:\/\/land-of-africa.com\/en\/wp-json\/wp\/v2\/product\/1265\/revisions\/1275"}],"wp:featuredmedia":[{"embeddable":true,"href":"https:\/\/land-of-africa.com\/en\/wp-json\/wp\/v2\/media\/1267"}],"wp:attachment":[{"href":"https:\/\/land-of-africa.com\/en\/wp-json\/wp\/v2\/media?parent=1265"}],"wp:term":[{"taxonomy":"product_brand","embeddable":true,"href":"https:\/\/land-of-africa.com\/en\/wp-json\/wp\/v2\/product_brand?post=1265"},{"taxonomy":"product_cat","embeddable":true,"href":"https:\/\/land-of-africa.com\/en\/wp-json\/wp\/v2\/product_cat?post=1265"},{"taxonomy":"product_tag","embeddable":true,"href":"https:\/\/land-of-africa.com\/en\/wp-json\/wp\/v2\/product_tag?post=1265"}],"curies":[{"name":"wp","href":"https:\/\/api.w.org\/{rel}","templated":true}]}}