{"id":1248,"date":"2025-07-18T17:32:07","date_gmt":"2025-07-18T17:32:07","guid":{"rendered":"https:\/\/land-of-africa.com\/?post_type=product&#038;p=1248"},"modified":"2025-12-02T12:50:44","modified_gmt":"2025-12-02T12:50:44","slug":"bissap-blanc-200g","status":"publish","type":"product","link":"https:\/\/land-of-africa.com\/en\/product\/bissap-blanc-200g\/","title":{"rendered":"Poudre bissap blanc 200g"},"content":{"rendered":"<p>\ud83c\udff7\ufe0f Marque\u00a0: MAAM \u2013 par Land of Africa<\/p>\n<p>\ud83c\udf3f Partie utilis\u00e9e\u00a0: Calices s\u00e9ch\u00e9s<\/p>\n<p>\ud83d\udca1 Forme\u00a0: Poudre fine, 100 % naturelle, sans additifs ni conservateurs<\/p>\n<p>Description:<br \/>\nLe bissap est particuli\u00e8remen riche en antioxydants, vitamine C et flavono\u00efdes naturels<\/p>\n<p>Ingredients:<br \/>\nBissap 100%<\/p>\n<p>Conseils d\u2019utilisation:<\/p>\n<p>Infusion classique (chaude ou froide)\u00a0:<\/p>\n<p>1 cuill\u00e8re \u00e0 caf\u00e9 dans 200 ml d\u2019eau.<\/p>\n<p>Laisser infuser 5 \u00e0 7 minutes, filtrer, d\u00e9guster.<\/p>\n<p>&nbsp;<\/p>\n<p>\ud83c\udf0d Origine\u00a0: S\u00e9n\u00e9gal<\/p>","protected":false},"excerpt":{"rendered":"<p><img fetchpriority=\"high\" decoding=\"async\" class=\"alignnone size-medium wp-image-1249\" src=\"http:\/\/land-of-africa.com\/wp-content\/uploads\/2025\/07\/Bissap-blanc-200g-224x300.jpg\" alt=\"\" width=\"224\" height=\"300\" srcset=\"https:\/\/i0.wp.com\/land-of-africa.com\/wp-content\/uploads\/2025\/07\/Bissap-blanc-200g.jpg?resize=224%2C300&amp;ssl=1 224w, https:\/\/i0.wp.com\/land-of-africa.com\/wp-content\/uploads\/2025\/07\/Bissap-blanc-200g.jpg?resize=765%2C1024&amp;ssl=1 765w, https:\/\/i0.wp.com\/land-of-africa.com\/wp-content\/uploads\/2025\/07\/Bissap-blanc-200g.jpg?resize=768%2C1029&amp;ssl=1 768w, https:\/\/i0.wp.com\/land-of-africa.com\/wp-content\/uploads\/2025\/07\/Bissap-blanc-200g.jpg?resize=1147%2C1536&amp;ssl=1 1147w, https:\/\/i0.wp.com\/land-of-africa.com\/wp-content\/uploads\/2025\/07\/Bissap-blanc-200g.jpg?resize=9%2C12&amp;ssl=1 9w, https:\/\/i0.wp.com\/land-of-africa.com\/wp-content\/uploads\/2025\/07\/Bissap-blanc-200g.jpg?resize=650%2C871&amp;ssl=1 650w, https:\/\/i0.wp.com\/land-of-africa.com\/wp-content\/uploads\/2025\/07\/Bissap-blanc-200g.jpg?w=1529&amp;ssl=1 1529w, https:\/\/i0.wp.com\/land-of-africa.com\/wp-content\/uploads\/2025\/07\/Bissap-blanc-200g.jpg?w=1280 1280w\" sizes=\"(max-width: 224px) 100vw, 224px\" \/><\/p>","protected":false},"featured_media":1249,"comment_status":"open","ping_status":"closed","template":"","meta":{"_acf_changed":false},"product_brand":[],"product_cat":[69],"product_tag":[70],"class_list":{"0":"post-1248","1":"product","2":"type-product","3":"status-publish","4":"has-post-thumbnail","6":"product_cat-calices-seches","7":"product_tag-calices-sechees","9":"first","10":"instock","11":"shipping-taxable","12":"purchasable","13":"product-type-simple"},"acf":[],"yoast_head":"<!-- This site is optimized with the Yoast SEO plugin v27.1.1 - https:\/\/yoast.com\/product\/yoast-seo-wordpress\/ -->\n<title>Poudre bissap blanc 200g - Land Of Africa<\/title>\n<meta name=\"robots\" content=\"index, follow, max-snippet:-1, max-image-preview:large, max-video-preview:-1\" \/>\n<link rel=\"canonical\" href=\"https:\/\/land-of-africa.com\/en\/product\/bissap-blanc-200g\/\" \/>\n<meta property=\"og:locale\" content=\"en_US\" \/>\n<meta property=\"og:type\" content=\"article\" \/>\n<meta property=\"og:title\" content=\"Poudre bissap blanc 200g - Land Of Africa\" \/>\n<meta property=\"og:url\" content=\"https:\/\/land-of-africa.com\/en\/product\/bissap-blanc-200g\/\" \/>\n<meta property=\"og:site_name\" content=\"Land Of Africa\" \/>\n<meta property=\"article:publisher\" content=\"https:\/\/web.facebook.com\/SenegalProjet\" \/>\n<meta property=\"article:modified_time\" content=\"2025-12-02T12:50:44+00:00\" \/>\n<meta property=\"og:image\" content=\"https:\/\/i0.wp.com\/land-of-africa.com\/wp-content\/uploads\/2025\/07\/Bissap-blanc-200g.jpg?fit=1529%2C2048&ssl=1\" \/>\n\t<meta property=\"og:image:width\" content=\"1529\" \/>\n\t<meta property=\"og:image:height\" content=\"2048\" \/>\n\t<meta property=\"og:image:type\" content=\"image\/jpeg\" \/>\n<meta name=\"twitter:card\" content=\"summary_large_image\" \/>\n<meta name=\"twitter:site\" content=\"@LandOfAfrica1\" \/>\n<meta name=\"twitter:label1\" content=\"Est. reading time\" \/>\n\t<meta name=\"twitter:data1\" content=\"1 minute\" \/>\n<script type=\"application\/ld+json\" class=\"yoast-schema-graph\">{\"@context\":\"https:\/\/schema.org\",\"@graph\":[{\"@type\":\"WebPage\",\"@id\":\"https:\/\/land-of-africa.com\/produit\/bissap-blanc-200g\/\",\"url\":\"https:\/\/land-of-africa.com\/produit\/bissap-blanc-200g\/\",\"name\":\"Poudre bissap blanc 200g - Land Of Africa\",\"isPartOf\":{\"@id\":\"https:\/\/land-of-africa.com\/#website\"},\"primaryImageOfPage\":{\"@id\":\"https:\/\/land-of-africa.com\/produit\/bissap-blanc-200g\/#primaryimage\"},\"image\":{\"@id\":\"https:\/\/land-of-africa.com\/produit\/bissap-blanc-200g\/#primaryimage\"},\"thumbnailUrl\":\"https:\/\/i0.wp.com\/land-of-africa.com\/wp-content\/uploads\/2025\/07\/Bissap-blanc-200g.jpg?fit=1529%2C2048&ssl=1\",\"datePublished\":\"2025-07-18T17:32:07+00:00\",\"dateModified\":\"2025-12-02T12:50:44+00:00\",\"breadcrumb\":{\"@id\":\"https:\/\/land-of-africa.com\/produit\/bissap-blanc-200g\/#breadcrumb\"},\"inLanguage\":\"en-US\",\"potentialAction\":[{\"@type\":\"ReadAction\",\"target\":[\"https:\/\/land-of-africa.com\/produit\/bissap-blanc-200g\/\"]}]},{\"@type\":\"ImageObject\",\"inLanguage\":\"en-US\",\"@id\":\"https:\/\/land-of-africa.com\/produit\/bissap-blanc-200g\/#primaryimage\",\"url\":\"https:\/\/i0.wp.com\/land-of-africa.com\/wp-content\/uploads\/2025\/07\/Bissap-blanc-200g.jpg?fit=1529%2C2048&ssl=1\",\"contentUrl\":\"https:\/\/i0.wp.com\/land-of-africa.com\/wp-content\/uploads\/2025\/07\/Bissap-blanc-200g.jpg?fit=1529%2C2048&ssl=1\",\"width\":1529,\"height\":2048},{\"@type\":\"BreadcrumbList\",\"@id\":\"https:\/\/land-of-africa.com\/produit\/bissap-blanc-200g\/#breadcrumb\",\"itemListElement\":[{\"@type\":\"ListItem\",\"position\":1,\"name\":\"Accueil\",\"item\":\"https:\/\/land-of-africa.com\/\"},{\"@type\":\"ListItem\",\"position\":2,\"name\":\"Boutique\",\"item\":\"https:\/\/land-of-africa.com\/en\/boutique\/\"},{\"@type\":\"ListItem\",\"position\":3,\"name\":\"Poudre bissap blanc 200g\"}]},{\"@type\":\"WebSite\",\"@id\":\"https:\/\/land-of-africa.com\/#website\",\"url\":\"https:\/\/land-of-africa.com\/\",\"name\":\"Land Of Africa\",\"description\":\"Revaloriser les produits agricoles et forestiers\",\"publisher\":{\"@id\":\"https:\/\/land-of-africa.com\/#organization\"},\"potentialAction\":[{\"@type\":\"SearchAction\",\"target\":{\"@type\":\"EntryPoint\",\"urlTemplate\":\"https:\/\/land-of-africa.com\/?s={search_term_string}\"},\"query-input\":{\"@type\":\"PropertyValueSpecification\",\"valueRequired\":true,\"valueName\":\"search_term_string\"}}],\"inLanguage\":\"en-US\"},{\"@type\":\"Organization\",\"@id\":\"https:\/\/land-of-africa.com\/#organization\",\"name\":\"Land Of Africa\",\"url\":\"https:\/\/land-of-africa.com\/\",\"logo\":{\"@type\":\"ImageObject\",\"inLanguage\":\"en-US\",\"@id\":\"https:\/\/land-of-africa.com\/#\/schema\/logo\/image\/\",\"url\":\"https:\/\/land-of-africa.com\/wp-content\/uploads\/2023\/03\/logo_wide-e1678042841820.jpg\",\"contentUrl\":\"https:\/\/land-of-africa.com\/wp-content\/uploads\/2023\/03\/logo_wide-e1678042841820.jpg\",\"width\":549,\"height\":549,\"caption\":\"Land Of Africa\"},\"image\":{\"@id\":\"https:\/\/land-of-africa.com\/#\/schema\/logo\/image\/\"},\"sameAs\":[\"https:\/\/web.facebook.com\/SenegalProjet\",\"https:\/\/x.com\/LandOfAfrica1\",\"https:\/\/www.instagram.com\/land_of_africa_sn\"]}]}<\/script>\n<!-- \/ Yoast SEO plugin. -->","yoast_head_json":{"title":"Poudre bissap blanc 200g - Land Of Africa","robots":{"index":"index","follow":"follow","max-snippet":"max-snippet:-1","max-image-preview":"max-image-preview:large","max-video-preview":"max-video-preview:-1"},"canonical":"https:\/\/land-of-africa.com\/en\/product\/bissap-blanc-200g\/","og_locale":"en_US","og_type":"article","og_title":"Poudre bissap blanc 200g - Land Of Africa","og_url":"https:\/\/land-of-africa.com\/en\/product\/bissap-blanc-200g\/","og_site_name":"Land Of Africa","article_publisher":"https:\/\/web.facebook.com\/SenegalProjet","article_modified_time":"2025-12-02T12:50:44+00:00","og_image":[{"width":1529,"height":2048,"url":"https:\/\/i0.wp.com\/land-of-africa.com\/wp-content\/uploads\/2025\/07\/Bissap-blanc-200g.jpg?fit=1529%2C2048&ssl=1","type":"image\/jpeg"}],"twitter_card":"summary_large_image","twitter_site":"@LandOfAfrica1","twitter_misc":{"Est. reading time":"1 minute"},"schema":{"@context":"https:\/\/schema.org","@graph":[{"@type":"WebPage","@id":"https:\/\/land-of-africa.com\/produit\/bissap-blanc-200g\/","url":"https:\/\/land-of-africa.com\/produit\/bissap-blanc-200g\/","name":"Poudre bissap blanc 200g - Land Of Africa","isPartOf":{"@id":"https:\/\/land-of-africa.com\/#website"},"primaryImageOfPage":{"@id":"https:\/\/land-of-africa.com\/produit\/bissap-blanc-200g\/#primaryimage"},"image":{"@id":"https:\/\/land-of-africa.com\/produit\/bissap-blanc-200g\/#primaryimage"},"thumbnailUrl":"https:\/\/i0.wp.com\/land-of-africa.com\/wp-content\/uploads\/2025\/07\/Bissap-blanc-200g.jpg?fit=1529%2C2048&ssl=1","datePublished":"2025-07-18T17:32:07+00:00","dateModified":"2025-12-02T12:50:44+00:00","breadcrumb":{"@id":"https:\/\/land-of-africa.com\/produit\/bissap-blanc-200g\/#breadcrumb"},"inLanguage":"en-US","potentialAction":[{"@type":"ReadAction","target":["https:\/\/land-of-africa.com\/produit\/bissap-blanc-200g\/"]}]},{"@type":"ImageObject","inLanguage":"en-US","@id":"https:\/\/land-of-africa.com\/produit\/bissap-blanc-200g\/#primaryimage","url":"https:\/\/i0.wp.com\/land-of-africa.com\/wp-content\/uploads\/2025\/07\/Bissap-blanc-200g.jpg?fit=1529%2C2048&ssl=1","contentUrl":"https:\/\/i0.wp.com\/land-of-africa.com\/wp-content\/uploads\/2025\/07\/Bissap-blanc-200g.jpg?fit=1529%2C2048&ssl=1","width":1529,"height":2048},{"@type":"BreadcrumbList","@id":"https:\/\/land-of-africa.com\/produit\/bissap-blanc-200g\/#breadcrumb","itemListElement":[{"@type":"ListItem","position":1,"name":"Accueil","item":"https:\/\/land-of-africa.com\/"},{"@type":"ListItem","position":2,"name":"Boutique","item":"https:\/\/land-of-africa.com\/en\/boutique\/"},{"@type":"ListItem","position":3,"name":"Poudre bissap blanc 200g"}]},{"@type":"WebSite","@id":"https:\/\/land-of-africa.com\/#website","url":"https:\/\/land-of-africa.com\/","name":"Land Of Africa","description":"Revaloriser les produits agricoles et forestiers","publisher":{"@id":"https:\/\/land-of-africa.com\/#organization"},"potentialAction":[{"@type":"SearchAction","target":{"@type":"EntryPoint","urlTemplate":"https:\/\/land-of-africa.com\/?s={search_term_string}"},"query-input":{"@type":"PropertyValueSpecification","valueRequired":true,"valueName":"search_term_string"}}],"inLanguage":"en-US"},{"@type":"Organization","@id":"https:\/\/land-of-africa.com\/#organization","name":"Land Of Africa","url":"https:\/\/land-of-africa.com\/","logo":{"@type":"ImageObject","inLanguage":"en-US","@id":"https:\/\/land-of-africa.com\/#\/schema\/logo\/image\/","url":"https:\/\/land-of-africa.com\/wp-content\/uploads\/2023\/03\/logo_wide-e1678042841820.jpg","contentUrl":"https:\/\/land-of-africa.com\/wp-content\/uploads\/2023\/03\/logo_wide-e1678042841820.jpg","width":549,"height":549,"caption":"Land Of Africa"},"image":{"@id":"https:\/\/land-of-africa.com\/#\/schema\/logo\/image\/"},"sameAs":["https:\/\/web.facebook.com\/SenegalProjet","https:\/\/x.com\/LandOfAfrica1","https:\/\/www.instagram.com\/land_of_africa_sn"]}]}},"jetpack_sharing_enabled":true,"_links":{"self":[{"href":"https:\/\/land-of-africa.com\/en\/wp-json\/wp\/v2\/product\/1248","targetHints":{"allow":["GET"]}}],"collection":[{"href":"https:\/\/land-of-africa.com\/en\/wp-json\/wp\/v2\/product"}],"about":[{"href":"https:\/\/land-of-africa.com\/en\/wp-json\/wp\/v2\/types\/product"}],"replies":[{"embeddable":true,"href":"https:\/\/land-of-africa.com\/en\/wp-json\/wp\/v2\/comments?post=1248"}],"version-history":[{"count":5,"href":"https:\/\/land-of-africa.com\/en\/wp-json\/wp\/v2\/product\/1248\/revisions"}],"predecessor-version":[{"id":1281,"href":"https:\/\/land-of-africa.com\/en\/wp-json\/wp\/v2\/product\/1248\/revisions\/1281"}],"wp:featuredmedia":[{"embeddable":true,"href":"https:\/\/land-of-africa.com\/en\/wp-json\/wp\/v2\/media\/1249"}],"wp:attachment":[{"href":"https:\/\/land-of-africa.com\/en\/wp-json\/wp\/v2\/media?parent=1248"}],"wp:term":[{"taxonomy":"product_brand","embeddable":true,"href":"https:\/\/land-of-africa.com\/en\/wp-json\/wp\/v2\/product_brand?post=1248"},{"taxonomy":"product_cat","embeddable":true,"href":"https:\/\/land-of-africa.com\/en\/wp-json\/wp\/v2\/product_cat?post=1248"},{"taxonomy":"product_tag","embeddable":true,"href":"https:\/\/land-of-africa.com\/en\/wp-json\/wp\/v2\/product_tag?post=1248"}],"curies":[{"name":"wp","href":"https:\/\/api.w.org\/{rel}","templated":true}]}}