{"id":1187,"date":"2025-02-22T18:35:39","date_gmt":"2025-02-22T18:35:39","guid":{"rendered":"https:\/\/land-of-africa.com\/?post_type=product&#038;p=1187"},"modified":"2025-12-02T12:53:11","modified_gmt":"2025-12-02T12:53:11","slug":"mangues-seches-125g","status":"publish","type":"product","link":"https:\/\/land-of-africa.com\/en\/product\/mangues-seches-125g\/","title":{"rendered":"Mangues S\u00e9ch\u00e9s 125g"},"content":{"rendered":"<p>Produit issu du commerce \u00e9quitable.<br \/>\nV\u00e9g\u00e9talien, v\u00e9gane.<br \/>\n&#8211; Sans sucre ajout\u00e9. Contient des sucres naturellement pr\u00e9sents.<br \/>\n&#8211; Sans additif ni conservateur.<br \/>\n&#8211; Commerce \u00e9quitable.<\/p>\n<p>Description:<br \/>\nLa mangue est particuli\u00e8rement riche en provitamine A, min\u00e9raux et oligo\u00e9l\u00e9ments. Parfaitement tol\u00e9r\u00e9e, elle permet d&rsquo;allier plaisir gourmand et apport alimentaire \u00e9quilibr\u00e9.<\/p>\n<p>Ingredients:<br \/>\nMangue s\u00e9ch\u00e9e 100%<\/p>\n<p>Conseils d&rsquo;utilisation<\/p>\n<p>A d\u00e9guster nature \u00e0 tout moment de la journ\u00e9e pour un pur moment de plaisir. A incorporer dans les mueslis, compotes, salades de fruits<\/p>\n<p>&nbsp;<\/p>\n<p>Pays d\u2019origine: S\u00e9n\u00e9gal<\/p>","protected":false},"excerpt":{"rendered":"<p>Produit issu du commerce \u00e9quitable. V\u00e9g\u00e9talien, v\u00e9gane. &#8211; Sans sucre ajout\u00e9. Contient des sucres naturellement pr\u00e9sents. &#8211; Sans additif ni conservateur. &#8211; Commerce \u00e9quitable. Description: La mangue est particuli\u00e8rement riche en provitamine A, min\u00e9raux et oligo\u00e9l\u00e9ments. Parfaitement tol\u00e9r\u00e9e, elle permet d&rsquo;allier plaisir gourmand et apport alimentaire \u00e9quilibr\u00e9. Ingredients: Mangue s\u00e9ch\u00e9e 100% Conseils d&rsquo;utilisation A d\u00e9guster [&hellip;]<\/p>\n","protected":false},"featured_media":1191,"comment_status":"open","ping_status":"closed","template":"","meta":{"_acf_changed":false},"product_brand":[],"product_cat":[64],"product_tag":[65,66],"class_list":{"0":"post-1187","1":"product","2":"type-product","3":"status-publish","4":"has-post-thumbnail","6":"product_cat-fruits-seches","7":"product_tag-mangue","8":"product_tag-mangues","10":"first","11":"instock","12":"shipping-taxable","13":"purchasable","14":"product-type-simple"},"acf":[],"yoast_head":"<!-- This site is optimized with the Yoast SEO plugin v27.1.1 - https:\/\/yoast.com\/product\/yoast-seo-wordpress\/ -->\n<title>Mangues S\u00e9ch\u00e9s 125g - Land Of Africa<\/title>\n<meta name=\"robots\" content=\"index, follow, max-snippet:-1, max-image-preview:large, max-video-preview:-1\" \/>\n<link rel=\"canonical\" href=\"https:\/\/land-of-africa.com\/en\/product\/mangues-seches-125g\/\" \/>\n<meta property=\"og:locale\" content=\"en_US\" \/>\n<meta property=\"og:type\" content=\"article\" \/>\n<meta property=\"og:title\" content=\"Mangues S\u00e9ch\u00e9s 125g - Land Of Africa\" \/>\n<meta property=\"og:description\" content=\"Produit issu du commerce \u00e9quitable. V\u00e9g\u00e9talien, v\u00e9gane. &#8211; Sans sucre ajout\u00e9. Contient des sucres naturellement pr\u00e9sents. &#8211; Sans additif ni conservateur. &#8211; Commerce \u00e9quitable. Description: La mangue est particuli\u00e8rement riche en provitamine A, min\u00e9raux et oligo\u00e9l\u00e9ments. Parfaitement tol\u00e9r\u00e9e, elle permet d&rsquo;allier plaisir gourmand et apport alimentaire \u00e9quilibr\u00e9. Ingredients: Mangue s\u00e9ch\u00e9e 100% Conseils d&rsquo;utilisation A d\u00e9guster [&hellip;]\" \/>\n<meta property=\"og:url\" content=\"https:\/\/land-of-africa.com\/en\/product\/mangues-seches-125g\/\" \/>\n<meta property=\"og:site_name\" content=\"Land Of Africa\" \/>\n<meta property=\"article:publisher\" content=\"https:\/\/web.facebook.com\/SenegalProjet\" \/>\n<meta property=\"article:modified_time\" content=\"2025-12-02T12:53:11+00:00\" \/>\n<meta property=\"og:image\" content=\"https:\/\/i0.wp.com\/land-of-africa.com\/wp-content\/uploads\/2025\/02\/WhatsApp-Image-2025-02-22-at-6.09.32-PM.jpeg?fit=1365%2C2048&ssl=1\" \/>\n\t<meta property=\"og:image:width\" content=\"1365\" \/>\n\t<meta property=\"og:image:height\" content=\"2048\" \/>\n\t<meta property=\"og:image:type\" content=\"image\/jpeg\" \/>\n<meta name=\"twitter:card\" content=\"summary_large_image\" \/>\n<meta name=\"twitter:site\" content=\"@LandOfAfrica1\" \/>\n<meta name=\"twitter:label1\" content=\"Est. reading time\" \/>\n\t<meta name=\"twitter:data1\" content=\"1 minute\" \/>\n<script type=\"application\/ld+json\" class=\"yoast-schema-graph\">{\"@context\":\"https:\/\/schema.org\",\"@graph\":[{\"@type\":\"WebPage\",\"@id\":\"https:\/\/land-of-africa.com\/produit\/mangues-seches-125g\/\",\"url\":\"https:\/\/land-of-africa.com\/produit\/mangues-seches-125g\/\",\"name\":\"Mangues S\u00e9ch\u00e9s 125g - Land Of Africa\",\"isPartOf\":{\"@id\":\"https:\/\/land-of-africa.com\/#website\"},\"primaryImageOfPage\":{\"@id\":\"https:\/\/land-of-africa.com\/produit\/mangues-seches-125g\/#primaryimage\"},\"image\":{\"@id\":\"https:\/\/land-of-africa.com\/produit\/mangues-seches-125g\/#primaryimage\"},\"thumbnailUrl\":\"https:\/\/i0.wp.com\/land-of-africa.com\/wp-content\/uploads\/2025\/02\/WhatsApp-Image-2025-02-22-at-6.09.32-PM.jpeg?fit=1365%2C2048&ssl=1\",\"datePublished\":\"2025-02-22T18:35:39+00:00\",\"dateModified\":\"2025-12-02T12:53:11+00:00\",\"breadcrumb\":{\"@id\":\"https:\/\/land-of-africa.com\/produit\/mangues-seches-125g\/#breadcrumb\"},\"inLanguage\":\"en-US\",\"potentialAction\":[{\"@type\":\"ReadAction\",\"target\":[\"https:\/\/land-of-africa.com\/produit\/mangues-seches-125g\/\"]}]},{\"@type\":\"ImageObject\",\"inLanguage\":\"en-US\",\"@id\":\"https:\/\/land-of-africa.com\/produit\/mangues-seches-125g\/#primaryimage\",\"url\":\"https:\/\/i0.wp.com\/land-of-africa.com\/wp-content\/uploads\/2025\/02\/WhatsApp-Image-2025-02-22-at-6.09.32-PM.jpeg?fit=1365%2C2048&ssl=1\",\"contentUrl\":\"https:\/\/i0.wp.com\/land-of-africa.com\/wp-content\/uploads\/2025\/02\/WhatsApp-Image-2025-02-22-at-6.09.32-PM.jpeg?fit=1365%2C2048&ssl=1\",\"width\":1365,\"height\":2048},{\"@type\":\"BreadcrumbList\",\"@id\":\"https:\/\/land-of-africa.com\/produit\/mangues-seches-125g\/#breadcrumb\",\"itemListElement\":[{\"@type\":\"ListItem\",\"position\":1,\"name\":\"Accueil\",\"item\":\"https:\/\/land-of-africa.com\/\"},{\"@type\":\"ListItem\",\"position\":2,\"name\":\"Boutique\",\"item\":\"https:\/\/land-of-africa.com\/en\/boutique\/\"},{\"@type\":\"ListItem\",\"position\":3,\"name\":\"Mangues S\u00e9ch\u00e9s 125g\"}]},{\"@type\":\"WebSite\",\"@id\":\"https:\/\/land-of-africa.com\/#website\",\"url\":\"https:\/\/land-of-africa.com\/\",\"name\":\"Land Of Africa\",\"description\":\"Revaloriser les produits agricoles et forestiers\",\"publisher\":{\"@id\":\"https:\/\/land-of-africa.com\/#organization\"},\"potentialAction\":[{\"@type\":\"SearchAction\",\"target\":{\"@type\":\"EntryPoint\",\"urlTemplate\":\"https:\/\/land-of-africa.com\/?s={search_term_string}\"},\"query-input\":{\"@type\":\"PropertyValueSpecification\",\"valueRequired\":true,\"valueName\":\"search_term_string\"}}],\"inLanguage\":\"en-US\"},{\"@type\":\"Organization\",\"@id\":\"https:\/\/land-of-africa.com\/#organization\",\"name\":\"Land Of Africa\",\"url\":\"https:\/\/land-of-africa.com\/\",\"logo\":{\"@type\":\"ImageObject\",\"inLanguage\":\"en-US\",\"@id\":\"https:\/\/land-of-africa.com\/#\/schema\/logo\/image\/\",\"url\":\"https:\/\/land-of-africa.com\/wp-content\/uploads\/2023\/03\/logo_wide-e1678042841820.jpg\",\"contentUrl\":\"https:\/\/land-of-africa.com\/wp-content\/uploads\/2023\/03\/logo_wide-e1678042841820.jpg\",\"width\":549,\"height\":549,\"caption\":\"Land Of Africa\"},\"image\":{\"@id\":\"https:\/\/land-of-africa.com\/#\/schema\/logo\/image\/\"},\"sameAs\":[\"https:\/\/web.facebook.com\/SenegalProjet\",\"https:\/\/x.com\/LandOfAfrica1\",\"https:\/\/www.instagram.com\/land_of_africa_sn\"]}]}<\/script>\n<!-- \/ Yoast SEO plugin. -->","yoast_head_json":{"title":"Mangues S\u00e9ch\u00e9s 125g - Land Of Africa","robots":{"index":"index","follow":"follow","max-snippet":"max-snippet:-1","max-image-preview":"max-image-preview:large","max-video-preview":"max-video-preview:-1"},"canonical":"https:\/\/land-of-africa.com\/en\/product\/mangues-seches-125g\/","og_locale":"en_US","og_type":"article","og_title":"Mangues S\u00e9ch\u00e9s 125g - Land Of Africa","og_description":"Produit issu du commerce \u00e9quitable. V\u00e9g\u00e9talien, v\u00e9gane. &#8211; Sans sucre ajout\u00e9. Contient des sucres naturellement pr\u00e9sents. &#8211; Sans additif ni conservateur. &#8211; Commerce \u00e9quitable. Description: La mangue est particuli\u00e8rement riche en provitamine A, min\u00e9raux et oligo\u00e9l\u00e9ments. Parfaitement tol\u00e9r\u00e9e, elle permet d&rsquo;allier plaisir gourmand et apport alimentaire \u00e9quilibr\u00e9. Ingredients: Mangue s\u00e9ch\u00e9e 100% Conseils d&rsquo;utilisation A d\u00e9guster [&hellip;]","og_url":"https:\/\/land-of-africa.com\/en\/product\/mangues-seches-125g\/","og_site_name":"Land Of Africa","article_publisher":"https:\/\/web.facebook.com\/SenegalProjet","article_modified_time":"2025-12-02T12:53:11+00:00","og_image":[{"width":1365,"height":2048,"url":"https:\/\/i0.wp.com\/land-of-africa.com\/wp-content\/uploads\/2025\/02\/WhatsApp-Image-2025-02-22-at-6.09.32-PM.jpeg?fit=1365%2C2048&ssl=1","type":"image\/jpeg"}],"twitter_card":"summary_large_image","twitter_site":"@LandOfAfrica1","twitter_misc":{"Est. reading time":"1 minute"},"schema":{"@context":"https:\/\/schema.org","@graph":[{"@type":"WebPage","@id":"https:\/\/land-of-africa.com\/produit\/mangues-seches-125g\/","url":"https:\/\/land-of-africa.com\/produit\/mangues-seches-125g\/","name":"Mangues S\u00e9ch\u00e9s 125g - Land Of Africa","isPartOf":{"@id":"https:\/\/land-of-africa.com\/#website"},"primaryImageOfPage":{"@id":"https:\/\/land-of-africa.com\/produit\/mangues-seches-125g\/#primaryimage"},"image":{"@id":"https:\/\/land-of-africa.com\/produit\/mangues-seches-125g\/#primaryimage"},"thumbnailUrl":"https:\/\/i0.wp.com\/land-of-africa.com\/wp-content\/uploads\/2025\/02\/WhatsApp-Image-2025-02-22-at-6.09.32-PM.jpeg?fit=1365%2C2048&ssl=1","datePublished":"2025-02-22T18:35:39+00:00","dateModified":"2025-12-02T12:53:11+00:00","breadcrumb":{"@id":"https:\/\/land-of-africa.com\/produit\/mangues-seches-125g\/#breadcrumb"},"inLanguage":"en-US","potentialAction":[{"@type":"ReadAction","target":["https:\/\/land-of-africa.com\/produit\/mangues-seches-125g\/"]}]},{"@type":"ImageObject","inLanguage":"en-US","@id":"https:\/\/land-of-africa.com\/produit\/mangues-seches-125g\/#primaryimage","url":"https:\/\/i0.wp.com\/land-of-africa.com\/wp-content\/uploads\/2025\/02\/WhatsApp-Image-2025-02-22-at-6.09.32-PM.jpeg?fit=1365%2C2048&ssl=1","contentUrl":"https:\/\/i0.wp.com\/land-of-africa.com\/wp-content\/uploads\/2025\/02\/WhatsApp-Image-2025-02-22-at-6.09.32-PM.jpeg?fit=1365%2C2048&ssl=1","width":1365,"height":2048},{"@type":"BreadcrumbList","@id":"https:\/\/land-of-africa.com\/produit\/mangues-seches-125g\/#breadcrumb","itemListElement":[{"@type":"ListItem","position":1,"name":"Accueil","item":"https:\/\/land-of-africa.com\/"},{"@type":"ListItem","position":2,"name":"Boutique","item":"https:\/\/land-of-africa.com\/en\/boutique\/"},{"@type":"ListItem","position":3,"name":"Mangues S\u00e9ch\u00e9s 125g"}]},{"@type":"WebSite","@id":"https:\/\/land-of-africa.com\/#website","url":"https:\/\/land-of-africa.com\/","name":"Land Of Africa","description":"Revaloriser les produits agricoles et forestiers","publisher":{"@id":"https:\/\/land-of-africa.com\/#organization"},"potentialAction":[{"@type":"SearchAction","target":{"@type":"EntryPoint","urlTemplate":"https:\/\/land-of-africa.com\/?s={search_term_string}"},"query-input":{"@type":"PropertyValueSpecification","valueRequired":true,"valueName":"search_term_string"}}],"inLanguage":"en-US"},{"@type":"Organization","@id":"https:\/\/land-of-africa.com\/#organization","name":"Land Of Africa","url":"https:\/\/land-of-africa.com\/","logo":{"@type":"ImageObject","inLanguage":"en-US","@id":"https:\/\/land-of-africa.com\/#\/schema\/logo\/image\/","url":"https:\/\/land-of-africa.com\/wp-content\/uploads\/2023\/03\/logo_wide-e1678042841820.jpg","contentUrl":"https:\/\/land-of-africa.com\/wp-content\/uploads\/2023\/03\/logo_wide-e1678042841820.jpg","width":549,"height":549,"caption":"Land Of Africa"},"image":{"@id":"https:\/\/land-of-africa.com\/#\/schema\/logo\/image\/"},"sameAs":["https:\/\/web.facebook.com\/SenegalProjet","https:\/\/x.com\/LandOfAfrica1","https:\/\/www.instagram.com\/land_of_africa_sn"]}]}},"jetpack_sharing_enabled":true,"_links":{"self":[{"href":"https:\/\/land-of-africa.com\/en\/wp-json\/wp\/v2\/product\/1187","targetHints":{"allow":["GET"]}}],"collection":[{"href":"https:\/\/land-of-africa.com\/en\/wp-json\/wp\/v2\/product"}],"about":[{"href":"https:\/\/land-of-africa.com\/en\/wp-json\/wp\/v2\/types\/product"}],"replies":[{"embeddable":true,"href":"https:\/\/land-of-africa.com\/en\/wp-json\/wp\/v2\/comments?post=1187"}],"version-history":[{"count":6,"href":"https:\/\/land-of-africa.com\/en\/wp-json\/wp\/v2\/product\/1187\/revisions"}],"predecessor-version":[{"id":1196,"href":"https:\/\/land-of-africa.com\/en\/wp-json\/wp\/v2\/product\/1187\/revisions\/1196"}],"wp:featuredmedia":[{"embeddable":true,"href":"https:\/\/land-of-africa.com\/en\/wp-json\/wp\/v2\/media\/1191"}],"wp:attachment":[{"href":"https:\/\/land-of-africa.com\/en\/wp-json\/wp\/v2\/media?parent=1187"}],"wp:term":[{"taxonomy":"product_brand","embeddable":true,"href":"https:\/\/land-of-africa.com\/en\/wp-json\/wp\/v2\/product_brand?post=1187"},{"taxonomy":"product_cat","embeddable":true,"href":"https:\/\/land-of-africa.com\/en\/wp-json\/wp\/v2\/product_cat?post=1187"},{"taxonomy":"product_tag","embeddable":true,"href":"https:\/\/land-of-africa.com\/en\/wp-json\/wp\/v2\/product_tag?post=1187"}],"curies":[{"name":"wp","href":"https:\/\/api.w.org\/{rel}","templated":true}]}}